{"id":629,"date":"2023-08-18T13:40:32","date_gmt":"2023-08-18T10:40:32","guid":{"rendered":"https:\/\/telteks.com.tr\/referanslar\/"},"modified":"2023-08-18T23:41:29","modified_gmt":"2023-08-18T20:41:29","slug":"references","status":"publish","type":"page","link":"https:\/\/telteks.com.tr\/en\/references\/","title":{"rendered":"References"},"content":{"rendered":"\t<section class=\"section\" id=\"section_599346269\">\n\t\t<div class=\"bg section-bg fill bg-fill  \" >\n\n\t\t\t\n\t\t\t<div class=\"section-bg-overlay absolute fill\"><\/div>\n\t\t\t\n\n\t\t<\/div>\n\n\t\t\n\n\t\t<div class=\"section-content relative\">\n\t\t\t\n  <div id=\"page-header-950778481\" class=\"page-header-wrapper\">\n  <div class=\"page-title dark featured-title\">\n\n        <div class=\"page-title-bg\">\n      <div class=\"title-bg fill bg-fill\"\n        data-parallax-container=\".page-title\"\n        data-parallax-background\n        data-parallax=\"-\">\n      <\/div>\n      <div class=\"title-overlay fill\"><\/div>\n    <\/div>\n    \n    <div class=\"page-title-inner container align-center flex-row medium-flex-wrap\" >\n              <div class=\"title-wrapper flex-col text-left medium-text-center\">\n          <h1 class=\"entry-title mb-0\">\n            References          <\/h1>\n        <\/div>\n                    <div class=\"title-content flex-col flex-right text-right medium-text-center\">\n        <div class=\"title-breadcrumbs pb-half pt-half\"><\/div>      <\/div>\n    <\/div>\n\n     \n<style>\n#page-header-950778481 .title-overlay {\n  background-color: rgba(0, 0, 0, 0);\n}\n#page-header-950778481 .featured-title {\n  background-color: rgba(255, 255, 255, 0);\n}\n<\/style>\n  <\/div>\n    <\/div>\n  \n\t\t<\/div>\n\n\t\t\n<style>\n#section_599346269 {\n  padding-top: 60px;\n  padding-bottom: 60px;\n}\n#section_599346269 .section-bg-overlay {\n  background-color: rgba(1, 1, 1, 0.605);\n}\n#section_599346269 .section-bg.bg-loaded {\n  background-image: url(https:\/\/telteks.com.tr\/wp-content\/uploads\/2023\/08\/ref.webp);\n}\n#section_599346269 .section-bg {\n  background-position: 63% 0%;\n}\n<\/style>\n\t<\/section>\n\t\n\t<section class=\"section\" id=\"section_1466269317\">\n\t\t<div class=\"bg section-bg fill bg-fill  bg-loaded\" >\n\n\t\t\t\n\t\t\t\n\t\t\t\n\n\t\t<\/div>\n\n\t\t\n\n\t\t<div class=\"section-content relative\">\n\t\t\t\n<div class=\"row row-small\"  id=\"row-512365048\">\n\n\t<div id=\"col-1080425905\" class=\"col small-12 large-12\"  >\n\t\t\t\t<div class=\"col-inner\"  >\n\t\t\t\n\t\t\t\n\n  \n    <div class=\"row large-columns-4 medium-columns-3 small-columns-2 row-small\" >\n  <div class=\"gallery-col col\" >\n          <div class=\"col-inner\">\n                        <div class=\"box has-hover gallery-box box-overlay dark\">\n              <div class=\"box-image box-shadow-1 box-shadow-3-hover image-cover\" style=\"padding-top:125px;\">\n                <img loading=\"lazy\" decoding=\"async\" width=\"145\" height=\"85\" src=\"https:\/\/telteks.com.tr\/wp-content\/uploads\/2023\/08\/Lafarge_.jpg\" class=\"attachment-medium size-medium\" alt=\"\" ids=\"426,427,428,429,430,431,432,433\" lightbox=\"false\" col_spacing=\"small\" depth=\"1\" depth_hover=\"3\" image_height=\"125px\" image_overlay=\"rgba(0, 0, 0, 0.029)\" \/>                                  <div class=\"overlay fill\"\n                      style=\"background-color: rgba(0, 0, 0, 0.029)\">\n                  <\/div>\n                                                              <\/div>\n              <div class=\"box-text text-left\" >\n                 <p><\/p>\n              <\/div>\n            <\/div>\n                      <\/div>\n         <\/div><div class=\"gallery-col col\" >\n          <div class=\"col-inner\">\n                        <div class=\"box has-hover gallery-box box-overlay dark\">\n              <div class=\"box-image box-shadow-1 box-shadow-3-hover image-cover\" style=\"padding-top:125px;\">\n                <img loading=\"lazy\" decoding=\"async\" width=\"145\" height=\"85\" src=\"https:\/\/telteks.com.tr\/wp-content\/uploads\/2023\/08\/petlas_.jpg\" class=\"attachment-medium size-medium\" alt=\"\" ids=\"426,427,428,429,430,431,432,433\" lightbox=\"false\" col_spacing=\"small\" depth=\"1\" depth_hover=\"3\" image_height=\"125px\" image_overlay=\"rgba(0, 0, 0, 0.029)\" \/>                                  <div class=\"overlay fill\"\n                      style=\"background-color: rgba(0, 0, 0, 0.029)\">\n                  <\/div>\n                                                              <\/div>\n              <div class=\"box-text text-left\" >\n                 <p><\/p>\n              <\/div>\n            <\/div>\n                      <\/div>\n         <\/div><div class=\"gallery-col col\" >\n          <div class=\"col-inner\">\n                        <div class=\"box has-hover gallery-box box-overlay dark\">\n              <div class=\"box-image box-shadow-1 box-shadow-3-hover image-cover\" style=\"padding-top:125px;\">\n                <img loading=\"lazy\" decoding=\"async\" width=\"145\" height=\"85\" src=\"https:\/\/telteks.com.tr\/wp-content\/uploads\/2023\/08\/tai_.jpg\" class=\"attachment-medium size-medium\" alt=\"\" ids=\"426,427,428,429,430,431,432,433\" lightbox=\"false\" col_spacing=\"small\" depth=\"1\" depth_hover=\"3\" image_height=\"125px\" image_overlay=\"rgba(0, 0, 0, 0.029)\" \/>                                  <div class=\"overlay fill\"\n                      style=\"background-color: rgba(0, 0, 0, 0.029)\">\n                  <\/div>\n                                                              <\/div>\n              <div class=\"box-text text-left\" >\n                 <p><\/p>\n              <\/div>\n            <\/div>\n                      <\/div>\n         <\/div><div class=\"gallery-col col\" >\n          <div class=\"col-inner\">\n                        <div class=\"box has-hover gallery-box box-overlay dark\">\n              <div class=\"box-image box-shadow-1 box-shadow-3-hover image-cover\" style=\"padding-top:125px;\">\n                <img loading=\"lazy\" decoding=\"async\" width=\"145\" height=\"85\" src=\"https:\/\/telteks.com.tr\/wp-content\/uploads\/2023\/08\/teias-1.jpg\" class=\"attachment-medium size-medium\" alt=\"\" ids=\"426,427,428,429,430,431,432,433\" lightbox=\"false\" col_spacing=\"small\" depth=\"1\" depth_hover=\"3\" image_height=\"125px\" image_overlay=\"rgba(0, 0, 0, 0.029)\" \/>                                  <div class=\"overlay fill\"\n                      style=\"background-color: rgba(0, 0, 0, 0.029)\">\n                  <\/div>\n                                                              <\/div>\n              <div class=\"box-text text-left\" >\n                 <p><\/p>\n              <\/div>\n            <\/div>\n                      <\/div>\n         <\/div><div class=\"gallery-col col\" >\n          <div class=\"col-inner\">\n                        <div class=\"box has-hover gallery-box box-overlay dark\">\n              <div class=\"box-image box-shadow-1 box-shadow-3-hover image-cover\" style=\"padding-top:125px;\">\n                <img loading=\"lazy\" decoding=\"async\" width=\"145\" height=\"85\" src=\"https:\/\/telteks.com.tr\/wp-content\/uploads\/2023\/08\/TOki-1.jpg\" class=\"attachment-medium size-medium\" alt=\"\" ids=\"426,427,428,429,430,431,432,433\" lightbox=\"false\" col_spacing=\"small\" depth=\"1\" depth_hover=\"3\" image_height=\"125px\" image_overlay=\"rgba(0, 0, 0, 0.029)\" \/>                                  <div class=\"overlay fill\"\n                      style=\"background-color: rgba(0, 0, 0, 0.029)\">\n                  <\/div>\n                                                              <\/div>\n              <div class=\"box-text text-left\" >\n                 <p><\/p>\n              <\/div>\n            <\/div>\n                      <\/div>\n         <\/div><div class=\"gallery-col col\" >\n          <div class=\"col-inner\">\n                        <div class=\"box has-hover gallery-box box-overlay dark\">\n              <div class=\"box-image box-shadow-1 box-shadow-3-hover image-cover\" style=\"padding-top:125px;\">\n                <img loading=\"lazy\" decoding=\"async\" width=\"145\" height=\"79\" src=\"https:\/\/telteks.com.tr\/wp-content\/uploads\/2023\/08\/trakya-cam_-1.jpg\" class=\"attachment-medium size-medium\" alt=\"\" ids=\"426,427,428,429,430,431,432,433\" lightbox=\"false\" col_spacing=\"small\" depth=\"1\" depth_hover=\"3\" image_height=\"125px\" image_overlay=\"rgba(0, 0, 0, 0.029)\" \/>                                  <div class=\"overlay fill\"\n                      style=\"background-color: rgba(0, 0, 0, 0.029)\">\n                  <\/div>\n                                                              <\/div>\n              <div class=\"box-text text-left\" >\n                 <p><\/p>\n              <\/div>\n            <\/div>\n                      <\/div>\n         <\/div><div class=\"gallery-col col\" >\n          <div class=\"col-inner\">\n                        <div class=\"box has-hover gallery-box box-overlay dark\">\n              <div class=\"box-image box-shadow-1 box-shadow-3-hover image-cover\" style=\"padding-top:125px;\">\n                <img loading=\"lazy\" decoding=\"async\" width=\"145\" height=\"85\" src=\"https:\/\/telteks.com.tr\/wp-content\/uploads\/2023\/08\/tubitak_.jpg\" class=\"attachment-medium size-medium\" alt=\"\" ids=\"426,427,428,429,430,431,432,433\" lightbox=\"false\" col_spacing=\"small\" depth=\"1\" depth_hover=\"3\" image_height=\"125px\" image_overlay=\"rgba(0, 0, 0, 0.029)\" \/>                                  <div class=\"overlay fill\"\n                      style=\"background-color: rgba(0, 0, 0, 0.029)\">\n                  <\/div>\n                                                              <\/div>\n              <div class=\"box-text text-left\" >\n                 <p><\/p>\n              <\/div>\n            <\/div>\n                      <\/div>\n         <\/div><div class=\"gallery-col col\" >\n          <div class=\"col-inner\">\n                        <div class=\"box has-hover gallery-box box-overlay dark\">\n              <div class=\"box-image box-shadow-1 box-shadow-3-hover image-cover\" style=\"padding-top:125px;\">\n                <img loading=\"lazy\" decoding=\"async\" width=\"145\" height=\"85\" src=\"https:\/\/telteks.com.tr\/wp-content\/uploads\/2023\/08\/tuik.jpg\" class=\"attachment-medium size-medium\" alt=\"\" ids=\"426,427,428,429,430,431,432,433\" lightbox=\"false\" col_spacing=\"small\" depth=\"1\" depth_hover=\"3\" image_height=\"125px\" image_overlay=\"rgba(0, 0, 0, 0.029)\" \/>                                  <div class=\"overlay fill\"\n                      style=\"background-color: rgba(0, 0, 0, 0.029)\">\n                  <\/div>\n                                                              <\/div>\n              <div class=\"box-text text-left\" >\n                 <p><\/p>\n              <\/div>\n            <\/div>\n                      <\/div>\n         <\/div><\/div>\n\t\t<\/div>\n\t\t\t\t\t<\/div>\n\n\t\n<\/div>\n\t\t<\/div>\n\n\t\t\n<style>\n#section_1466269317 {\n  padding-top: 30px;\n  padding-bottom: 30px;\n}\n<\/style>\n\t<\/section>\n\t\n\t<section class=\"section\" id=\"section_300539668\">\n\t\t<div class=\"bg section-bg fill bg-fill  bg-loaded\" >\n\n\t\t\t\n\t\t\t\n\t\t\t\n\n\t\t<\/div>\n\n\t\t\n\n\t\t<div class=\"section-content relative\">\n\t\t\t\n<div class=\"row row-small\"  id=\"row-574406568\">\n\n\t<div id=\"col-38276601\" class=\"col medium-3 small-6 large-3\"  >\n\t\t\t\t<div class=\"col-inner\"  >\n\t\t\t\n\t\t\t\n<p>ATAT\u00dcRK HAVAL\u0130MANI<\/p>\n<p>MU\u015e HAVAL\u0130MANI<\/p>\n<p>BODRUM HAVAL\u0130MANI<\/p>\n<p>DALAMAN HAVAL\u0130MANI<\/p>\n<p>ISPARTA HAVAL\u0130MANI<\/p>\n<p>DEVLET HAVA MEYDANLARI \u0130\u015eLETMES\u0130<\/p>\n\t\t<\/div>\n\t\t\t\t\t<\/div>\n\n\t\n\n\t<div id=\"col-588967823\" class=\"col medium-3 small-6 large-3\"  >\n\t\t\t\t<div class=\"col-inner\"  >\n\t\t\t\n\t\t\t\n<p>3. HAVAL\u0130MANI<\/p>\n<p>T\u00dc\u0130K<\/p>\n<p>YAVUZ SULTAN SEL\u0130M K\u00d6PR\u00dcS\u00dc<\/p>\n<p>OSMANGAZ\u0130 K\u00d6PR\u00dcS\u00dc<\/p>\n<p>T\u00dcB\u0130TAK<\/p>\n<p>VAN CEZAEV\u0130<\/p>\n\t\t<\/div>\n\t\t\t\t\t<\/div>\n\n\t\n\n\t<div id=\"col-1017421197\" class=\"col medium-3 small-6 large-3\"  >\n\t\t\t\t<div class=\"col-inner\"  >\n\t\t\t\n\t\t\t\n<p>TRAKYA CAM<\/p>\n<p>TA\u0130 \u0130\u015eLETMELER\u0130<\/p>\n<p>HUBER K\u00d6\u015eK\u00dc<\/p>\n<p>\u00c7ANKAYA K\u00d6\u015eK\u00dc<\/p>\n<p>\u0130SK\u0130<\/p>\n<p>\u0130SBAK<\/p>\n\t\t<\/div>\n\t\t\t\t\t<\/div>\n\n\t\n\n\t<div id=\"col-122169277\" class=\"col medium-3 small-6 large-3\"  >\n\t\t\t\t<div class=\"col-inner\"  >\n\t\t\t\n\t\t\t\n<p>TE\u0130A\u015e<\/p>\n<p>TOK\u0130<\/p>\n<p>PETLAS<\/p>\n<p>DALSAN AL\u00c7I FABR\u0130KA<\/p>\n\t\t<\/div>\n\t\t\t\t\t<\/div>\n\n\t\n<\/div>\n\t\t<\/div>\n\n\t\t\n<style>\n#section_300539668 {\n  padding-top: 30px;\n  padding-bottom: 30px;\n}\n<\/style>\n\t<\/section>\n\t\n","protected":false},"excerpt":{"rendered":"","protected":false},"author":1,"featured_media":0,"parent":0,"menu_order":0,"comment_status":"closed","ping_status":"closed","template":"page-blank.php","meta":{"footnotes":""},"class_list":["post-629","page","type-page","status-publish","hentry"],"_links":{"self":[{"href":"https:\/\/telteks.com.tr\/en\/wp-json\/wp\/v2\/pages\/629","targetHints":{"allow":["GET"]}}],"collection":[{"href":"https:\/\/telteks.com.tr\/en\/wp-json\/wp\/v2\/pages"}],"about":[{"href":"https:\/\/telteks.com.tr\/en\/wp-json\/wp\/v2\/types\/page"}],"author":[{"embeddable":true,"href":"https:\/\/telteks.com.tr\/en\/wp-json\/wp\/v2\/users\/1"}],"replies":[{"embeddable":true,"href":"https:\/\/telteks.com.tr\/en\/wp-json\/wp\/v2\/comments?post=629"}],"version-history":[{"count":1,"href":"https:\/\/telteks.com.tr\/en\/wp-json\/wp\/v2\/pages\/629\/revisions"}],"predecessor-version":[{"id":630,"href":"https:\/\/telteks.com.tr\/en\/wp-json\/wp\/v2\/pages\/629\/revisions\/630"}],"wp:attachment":[{"href":"https:\/\/telteks.com.tr\/en\/wp-json\/wp\/v2\/media?parent=629"}],"curies":[{"name":"wp","href":"https:\/\/api.w.org\/{rel}","templated":true}]}}