{"id":1909,"date":"2023-10-04T21:01:06","date_gmt":"2023-10-04T18:01:06","guid":{"rendered":"https:\/\/telteks.com.tr\/fire-resistant-cables\/lihstch-fe-180-ph-120\/"},"modified":"2024-01-31T20:46:55","modified_gmt":"2024-01-31T17:46:55","slug":"lihstch-fe-180-ph-120","status":"publish","type":"page","link":"https:\/\/telteks.com.tr\/en\/fire-resistant-cables\/lihstch-fe-180-ph-120\/","title":{"rendered":"LIH(St)CH FE 180 \/ PH 120"},"content":{"rendered":"  <div id=\"page-header-1929564190\" class=\"page-header-wrapper\">\n  <div class=\"page-title dark featured-title\">\n\n        <div class=\"page-title-bg\">\n      <div class=\"title-bg fill bg-fill\"\n        data-parallax-container=\".page-title\"\n        data-parallax-background\n        data-parallax=\"-\">\n      <\/div>\n      <div class=\"title-overlay fill\"><\/div>\n    <\/div>\n    \n    <div class=\"page-title-inner container align-center flex-row medium-flex-wrap\" >\n              <div class=\"title-wrapper is-smaller flex-col text-left medium-text-center\">\n          <h1 class=\"entry-title mb-0\">\n            LIH(St)CH FE 180 \/ PH 120          <\/h1>\n        <\/div>\n                    <div class=\"title-content flex-col flex-right text-right medium-text-center\">\n        <div class=\"title-breadcrumbs pb-half pt-half\"><\/div>      <\/div>\n    <\/div>\n\n     \n<style>\n#page-header-1929564190 .title-bg {\n  background-image: url(https:\/\/telteks.com.tr\/wp-content\/uploads\/2023\/10\/LIHStCH-FE-180-PH-120-300x300-1.jpg);\n}\n#page-header-1929564190 .title-overlay {\n  background-color: #d60404;\n}\n<\/style>\n  <\/div>\n    <\/div>\n  \n\t<section class=\"section\" id=\"section_1214786942\">\n\t\t<div class=\"bg section-bg fill bg-fill  bg-loaded\" >\n\n\t\t\t\n\t\t\t\n\t\t\t\n\n\t\t<\/div>\n\n\t\t\n\n\t\t<div class=\"section-content relative\">\n\t\t\t\n<div class=\"container section-title-container\" ><h3 class=\"section-title section-title-normal\"><b><\/b><span class=\"section-title-main\" >LIH(St)CH FE 180 \/ PH 120<\/span><b><\/b><\/h3><\/div>\n<div class=\"row row-small\"  id=\"row-2131237073\">\n\n\t<div id=\"col-1419453359\" class=\"col medium-7 small-12 large-7\"  >\n\t\t\t\t<div class=\"col-inner\"  >\n\t\t\t\n\t\t\t\n<p><strong>KABLO T\u0130P\u0130<\/strong> : LIH(St)CH FE 180 \/ PH 120<\/p>\n<div class=\"is-divider divider clearfix\" style=\"max-width:100%;height:2px;\"><\/div>\n<p><b>\u015eARTNAME<\/b>: TSE VDE, TSEK 353, DIN VDE 0812<\/p>\n<div class=\"is-divider divider clearfix\" style=\"max-width:100%;height:2px;\"><\/div>\n<p><strong>KULLANIM YER\u0130<\/strong> : \u0130nsanlar\u0131n yo\u011fun olarak bulundu\u011fu kapal\u0131 ortamlarda Elektromanyetik kar\u0131\u015f\u0131m ve giri\u015fimlerin oldu\u011fu yerlerde Enstr\u00fcman ve kontrol m\u00fchendisli\u011fi, end\u00fcstriyel elektronikte, sinyal iletiminde. Bina i\u00e7i haberle\u015fme sistemlerinde. G\u00fcvenlik ve yang\u0131n ihbar sistemlerinde. \u0130nsan hayat\u0131n\u0131n, de\u011ferli malzemelerin ve ekipmanlar\u0131n korunmas\u0131 gereken yerlerde<\/p>\n<div class=\"is-divider divider clearfix\" style=\"max-width:100%;height:2px;\"><\/div>\n<p><b>YAPI<\/b>:IEC 60228; VDE 0295; EN 60228 s\u0131n\u0131f 5 b\u00fck\u00fcl\u00fc elektrolitik tavl\u0131 bak\u0131r iletken<br \/>\u00c7apraz ba\u011fli seramik formunda polimer kompaund DIN 47100 yal\u0131t\u0131m renk Uygun ad\u0131mlar katlar halinde Pes bant + cam elyaf bant Kalayl\u0131 bak\u0131r t\u00f6rg\u00fc + Al-pes bant En 50290-2-27 HFFR kompaund k\u0131l\u0131f.<\/p>\n<p><b>KILIF RENG\u0130:<\/b>Ral 2003 turuncu<\/p>\n<a rel=\"noopener noreferrer\" href=\"https:\/\/telteks.com.tr\/wp-content\/uploads\/2023\/09\/9-HF-Yangina-Dayanikli-Kablolar.pdf\" target=\"_blank\" class=\"button primary\"  >\n    <span>DETAYLI PDF KATALOG<\/span>\n  <i class=\"icon-angle-right\" aria-hidden=\"true\" ><\/i><\/a>\n\n\t\t<\/div>\n\t\t\t\t\t<\/div>\n\n\t\n\n\t<div id=\"col-1047817617\" class=\"col medium-5 small-12 large-5\"  >\n\t\t\t\t<div class=\"col-inner\"  >\n\t\t\t\n\t\t\t\n\t<div class=\"img has-hover x md-x lg-x y md-y lg-y\" id=\"image_2071316983\">\n\t\t\t\t\t\t\t\t<div class=\"img-inner dark\" >\n\t\t\t<img loading=\"lazy\" decoding=\"async\" width=\"300\" height=\"300\" src=\"https:\/\/telteks.com.tr\/wp-content\/uploads\/2023\/10\/LIHStCH-FE-180-PH-120-300x300-1.jpg\" class=\"attachment-original size-original\" alt=\"\" srcset=\"https:\/\/telteks.com.tr\/wp-content\/uploads\/2023\/10\/LIHStCH-FE-180-PH-120-300x300-1.jpg 300w, https:\/\/telteks.com.tr\/wp-content\/uploads\/2023\/10\/LIHStCH-FE-180-PH-120-300x300-1-150x150.jpg 150w\" sizes=\"auto, (max-width: 300px) 100vw, 300px\" \/>\t\t\t\t\t\t\n\t\t\t\t\t<\/div>\n\t\t\t\t\t\t\t\t\n<style>\n#image_2071316983 {\n  width: 100%;\n}\n<\/style>\n\t<\/div>\n\t\n\t\t<\/div>\n\t\t\t\t\t<\/div>\n\n\t\n<\/div>\n\t\t<\/div>\n\n\t\t\n<style>\n#section_1214786942 {\n  padding-top: 30px;\n  padding-bottom: 30px;\n}\n<\/style>\n\t<\/section>\n\t\n","protected":false},"excerpt":{"rendered":"","protected":false},"author":1,"featured_media":1600,"parent":648,"menu_order":0,"comment_status":"closed","ping_status":"closed","template":"page-blank.php","meta":{"footnotes":""},"class_list":["post-1909","page","type-page","status-publish","has-post-thumbnail","hentry"],"_links":{"self":[{"href":"https:\/\/telteks.com.tr\/en\/wp-json\/wp\/v2\/pages\/1909","targetHints":{"allow":["GET"]}}],"collection":[{"href":"https:\/\/telteks.com.tr\/en\/wp-json\/wp\/v2\/pages"}],"about":[{"href":"https:\/\/telteks.com.tr\/en\/wp-json\/wp\/v2\/types\/page"}],"author":[{"embeddable":true,"href":"https:\/\/telteks.com.tr\/en\/wp-json\/wp\/v2\/users\/1"}],"replies":[{"embeddable":true,"href":"https:\/\/telteks.com.tr\/en\/wp-json\/wp\/v2\/comments?post=1909"}],"version-history":[{"count":2,"href":"https:\/\/telteks.com.tr\/en\/wp-json\/wp\/v2\/pages\/1909\/revisions"}],"predecessor-version":[{"id":2233,"href":"https:\/\/telteks.com.tr\/en\/wp-json\/wp\/v2\/pages\/1909\/revisions\/2233"}],"up":[{"embeddable":true,"href":"https:\/\/telteks.com.tr\/en\/wp-json\/wp\/v2\/pages\/648"}],"wp:featuredmedia":[{"embeddable":true,"href":"https:\/\/telteks.com.tr\/en\/wp-json\/wp\/v2\/media\/1600"}],"wp:attachment":[{"href":"https:\/\/telteks.com.tr\/en\/wp-json\/wp\/v2\/media?parent=1909"}],"curies":[{"name":"wp","href":"https:\/\/api.w.org\/{rel}","templated":true}]}}