{"id":1905,"date":"2023-10-04T20:45:10","date_gmt":"2023-10-04T17:45:10","guid":{"rendered":"https:\/\/telteks.com.tr\/fire-resistant-cables\/je-hsth-bd-fe180-ph120\/"},"modified":"2024-01-31T20:45:44","modified_gmt":"2024-01-31T17:45:44","slug":"je-hsth-bd-fe180-ph120","status":"publish","type":"page","link":"https:\/\/telteks.com.tr\/en\/fire-resistant-cables\/je-hsth-bd-fe180-ph120\/","title":{"rendered":"JE-H(St)H&#8230;Bd FE180 PH120"},"content":{"rendered":"  <div id=\"page-header-1255160215\" class=\"page-header-wrapper\">\n  <div class=\"page-title dark featured-title\">\n\n        <div class=\"page-title-bg\">\n      <div class=\"title-bg fill bg-fill\"\n        data-parallax-container=\".page-title\"\n        data-parallax-background\n        data-parallax=\"-\">\n      <\/div>\n      <div class=\"title-overlay fill\"><\/div>\n    <\/div>\n    \n    <div class=\"page-title-inner container align-center flex-row medium-flex-wrap\" >\n              <div class=\"title-wrapper is-smaller flex-col text-left medium-text-center\">\n          <h1 class=\"entry-title mb-0\">\n            JE-H(St)H&#8230;Bd FE180 PH120          <\/h1>\n        <\/div>\n                    <div class=\"title-content flex-col flex-right text-right medium-text-center\">\n        <div class=\"title-breadcrumbs pb-half pt-half\"><\/div>      <\/div>\n    <\/div>\n\n     \n<style>\n#page-header-1255160215 .title-bg {\n  background-image: url(https:\/\/telteks.com.tr\/wp-content\/uploads\/2023\/10\/JE-HStH.Bd-FE180-PH120-300x300-1.jpg);\n}\n#page-header-1255160215 .title-overlay {\n  background-color: #d60404;\n}\n<\/style>\n  <\/div>\n    <\/div>\n  \n\t<section class=\"section\" id=\"section_171294479\">\n\t\t<div class=\"bg section-bg fill bg-fill  bg-loaded\" >\n\n\t\t\t\n\t\t\t\n\t\t\t\n\n\t\t<\/div>\n\n\t\t\n\n\t\t<div class=\"section-content relative\">\n\t\t\t\n<div class=\"container section-title-container\" ><h3 class=\"section-title section-title-normal\"><b><\/b><span class=\"section-title-main\" >JE-H(St)H...Bd FE180 PH120<\/span><b><\/b><\/h3><\/div>\n<div class=\"row row-small\"  id=\"row-761767924\">\n\n\t<div id=\"col-1124783910\" class=\"col medium-7 small-12 large-7\"  >\n\t\t\t\t<div class=\"col-inner\"  >\n\t\t\t\n\t\t\t\n<p><strong>KABLO T\u0130P\u0130<\/strong> : JE-H(St)H&#8230;Bd FE180 PH120\u00a0<\/p>\n<div class=\"is-divider divider clearfix\" style=\"max-width:100%;height:2px;\"><\/div>\n<p><b>\u015eARTNAME<\/b>: TSE VDE, TSEK 173, DIN VDE 815\u00a0<\/p>\n<div class=\"is-divider divider clearfix\" style=\"max-width:100%;height:2px;\"><\/div>\n<p><strong>KULLANIM YER\u0130<\/strong> : \u0130nsanlar\u0131n yo\u011fun olarak bulundu\u011fu kapal\u0131 ortamlarda Elektromanyetik kar\u0131\u015f\u0131m ve giri\u015fimlerin oldu\u011fu yerlerde Enstr\u00fcman ve kontrol m\u00fchendisli\u011fi, end\u00fcstriyel elektronikte, sinyal iletiminde. Bina i\u00e7i haberle\u015fme<br \/>sistemlerinde. G\u00fcvenlik ve yang\u0131n ihbar sistemlerinde. \u0130nsan hayat\u0131n\u0131n, de\u011ferli malzemelerin ve ekipmanlar\u0131n korunmas\u0131 gereken yerlerde.<\/p>\n<div class=\"is-divider divider clearfix\" style=\"max-width:100%;height:2px;\"><\/div>\n<p><b>YAPI<\/b>: IEC 60228; VDE 0295; EN 60228 s\u0131n\u0131f 1 elektrolitik mono bak\u0131r iletken \u00c7apraz ba\u011fl\u0131 seramik formunda polimer kompaund VDE 0815 yal\u0131t\u0131m renk<br \/>4 \u00c7iftli gruplar, katlar halinde renkler Pes bant + cam elyaf bant Kalayl\u0131 bak\u0131r toprak teli + al-pes bant ekran En 50290-2-27HFFR kompaund k\u0131l\u0131f<\/p>\n<p><b>KILIF RENG\u0130: <\/b>Ral 3000 k\u0131rm\u0131z\u0131 veya ral 2003 turuncu<\/p>\n<a rel=\"noopener noreferrer\" href=\"https:\/\/telteks.com.tr\/wp-content\/uploads\/2023\/09\/9-HF-Yangina-Dayanikli-Kablolar.pdf\" target=\"_blank\" class=\"button primary\"  >\n    <span>DETAYLI PDF KATALOG<\/span>\n  <i class=\"icon-angle-right\" aria-hidden=\"true\" ><\/i><\/a>\n\n\t\t<\/div>\n\t\t\t\t\t<\/div>\n\n\t\n\n\t<div id=\"col-1073558416\" class=\"col medium-5 small-12 large-5\"  >\n\t\t\t\t<div class=\"col-inner\"  >\n\t\t\t\n\t\t\t\n\t<div class=\"img has-hover x md-x lg-x y md-y lg-y\" id=\"image_403690116\">\n\t\t\t\t\t\t\t\t<div class=\"img-inner dark\" >\n\t\t\t<img loading=\"lazy\" decoding=\"async\" width=\"300\" height=\"300\" src=\"https:\/\/telteks.com.tr\/wp-content\/uploads\/2023\/10\/JE-HStH.Bd-FE180-PH120-300x300-1.jpg\" class=\"attachment-original size-original\" alt=\"\" srcset=\"https:\/\/telteks.com.tr\/wp-content\/uploads\/2023\/10\/JE-HStH.Bd-FE180-PH120-300x300-1.jpg 300w, https:\/\/telteks.com.tr\/wp-content\/uploads\/2023\/10\/JE-HStH.Bd-FE180-PH120-300x300-1-150x150.jpg 150w\" sizes=\"auto, (max-width: 300px) 100vw, 300px\" \/>\t\t\t\t\t\t\n\t\t\t\t\t<\/div>\n\t\t\t\t\t\t\t\t\n<style>\n#image_403690116 {\n  width: 100%;\n}\n<\/style>\n\t<\/div>\n\t\n\t\t<\/div>\n\t\t\t\t\t<\/div>\n\n\t\n<\/div>\n\t\t<\/div>\n\n\t\t\n<style>\n#section_171294479 {\n  padding-top: 30px;\n  padding-bottom: 30px;\n}\n<\/style>\n\t<\/section>\n\t\n","protected":false},"excerpt":{"rendered":"","protected":false},"author":1,"featured_media":1580,"parent":648,"menu_order":0,"comment_status":"closed","ping_status":"closed","template":"page-blank.php","meta":{"footnotes":""},"class_list":["post-1905","page","type-page","status-publish","has-post-thumbnail","hentry"],"_links":{"self":[{"href":"https:\/\/telteks.com.tr\/en\/wp-json\/wp\/v2\/pages\/1905","targetHints":{"allow":["GET"]}}],"collection":[{"href":"https:\/\/telteks.com.tr\/en\/wp-json\/wp\/v2\/pages"}],"about":[{"href":"https:\/\/telteks.com.tr\/en\/wp-json\/wp\/v2\/types\/page"}],"author":[{"embeddable":true,"href":"https:\/\/telteks.com.tr\/en\/wp-json\/wp\/v2\/users\/1"}],"replies":[{"embeddable":true,"href":"https:\/\/telteks.com.tr\/en\/wp-json\/wp\/v2\/comments?post=1905"}],"version-history":[{"count":2,"href":"https:\/\/telteks.com.tr\/en\/wp-json\/wp\/v2\/pages\/1905\/revisions"}],"predecessor-version":[{"id":2229,"href":"https:\/\/telteks.com.tr\/en\/wp-json\/wp\/v2\/pages\/1905\/revisions\/2229"}],"up":[{"embeddable":true,"href":"https:\/\/telteks.com.tr\/en\/wp-json\/wp\/v2\/pages\/648"}],"wp:featuredmedia":[{"embeddable":true,"href":"https:\/\/telteks.com.tr\/en\/wp-json\/wp\/v2\/media\/1580"}],"wp:attachment":[{"href":"https:\/\/telteks.com.tr\/en\/wp-json\/wp\/v2\/media?parent=1905"}],"curies":[{"name":"wp","href":"https:\/\/api.w.org\/{rel}","templated":true}]}}