{"id":1791,"date":"2023-10-04T14:27:22","date_gmt":"2023-10-04T11:27:22","guid":{"rendered":"https:\/\/telteks.com.tr\/outdoor-telephone-cables\/vd-pap-a-y2yl2y\/"},"modified":"2024-01-31T18:46:05","modified_gmt":"2024-01-31T15:46:05","slug":"vd-pap-a-y2yl2y","status":"publish","type":"page","link":"https:\/\/telteks.com.tr\/en\/outdoor-telephone-cables\/vd-pap-a-y2yl2y\/","title":{"rendered":"VD-PAP A-Y2Y(L)2Y"},"content":{"rendered":"  <div id=\"page-header-1911206126\" class=\"page-header-wrapper\">\n  <div class=\"page-title dark featured-title\">\n\n        <div class=\"page-title-bg\">\n      <div class=\"title-bg fill bg-fill\"\n        data-parallax-container=\".page-title\"\n        data-parallax-background\n        data-parallax=\"-\">\n      <\/div>\n      <div class=\"title-overlay fill\"><\/div>\n    <\/div>\n    \n    <div class=\"page-title-inner container align-center flex-row medium-flex-wrap\" >\n              <div class=\"title-wrapper is-smaller flex-col text-left medium-text-center\">\n          <h1 class=\"entry-title mb-0\">\n            VD-PAP A-Y2Y(L)2Y          <\/h1>\n        <\/div>\n                    <div class=\"title-content flex-col flex-right text-right medium-text-center\">\n        <div class=\"title-breadcrumbs pb-half pt-half\"><\/div>      <\/div>\n    <\/div>\n\n     \n<style>\n#page-header-1911206126 .title-bg {\n  background-image: url(https:\/\/telteks.com.tr\/wp-content\/uploads\/2023\/10\/VD-PAP-1-300x300-1.jpg);\n}\n#page-header-1911206126 .title-overlay {\n  background-color: #d60404;\n}\n<\/style>\n  <\/div>\n    <\/div>\n  \n\t<section class=\"section\" id=\"section_1266694837\">\n\t\t<div class=\"bg section-bg fill bg-fill  bg-loaded\" >\n\n\t\t\t\n\t\t\t\n\t\t\t\n\n\t\t<\/div>\n\n\t\t\n\n\t\t<div class=\"section-content relative\">\n\t\t\t\n<div class=\"container section-title-container\" ><h3 class=\"section-title section-title-normal\"><b><\/b><span class=\"section-title-main\" >VD-PAP A-Y2Y(L)2Y<\/span><b><\/b><\/h3><\/div>\n<div class=\"row row-small\"  id=\"row-806375758\">\n\n\t<div id=\"col-64897290\" class=\"col medium-7 small-12 large-7\"  >\n\t\t\t\t<div class=\"col-inner\"  >\n\t\t\t\n\t\t\t\n<p><strong>KABLO T\u0130P\u0130<\/strong> :VD-PAP<\/p>\n<div class=\"is-divider divider clearfix\" style=\"max-width:100%;height:2px;\"><\/div>\n<p><b>\u015eARTNAME<\/b>: T\u00dcRK TELEKOM<\/p>\n<div class=\"is-divider divider clearfix\" style=\"max-width:100%;height:2px;\"><\/div>\n<p><strong>KULLANIM YER\u0130<\/strong> : Genellikle bina i\u00e7lerinde, yeralt\u0131nda ve yang\u0131n tehlikesi bulunan yerlerde kullan\u0131l\u0131r.<\/p>\n<div class=\"is-divider divider clearfix\" style=\"max-width:100%;height:2px;\"><\/div>\n<p><b>YAPI<\/b>: Elektrolitik (Tavl\u0131) bak\u0131r iletken (TS EN 13601 veya ASTM B33\u2019e g\u00f6re) Farkl\u203a renklerde polivinilklor\u00fcr izolasyon.(BS 6746 Type 1, ASTM D 1248) Nem i\u00e7ermeyen ve dielektrik \u00f6zelli\u011fi olan polyester bant ASTM D 1248\u2019e uygun orta veya lineer al\u00e7ak yo\u011fnluklu siyah polietilen i\u00e7 k\u0131l\u0131f Her iki taraf\u0131 kopolimer filmle kapl\u0131 al\u00fcminyum folyo koruyucu ASTM D 1248\u2019e uygun orta veya lineer al\u00e7ak yo\u011funluklu siyah polietilen d\u0131\u015f k\u0131l\u0131f.<\/p>\n<a rel=\"noopener noreferrer\" href=\"https:\/\/telteks.com.tr\/wp-content\/uploads\/2023\/09\/1-Harici-Telefon-Kablolari.pdf\" target=\"_blank\" class=\"button primary\"  >\n    <span>DETAYLI PDF KATALOG<\/span>\n  <i class=\"icon-angle-right\" aria-hidden=\"true\" ><\/i><\/a>\n\n\t\t<\/div>\n\t\t\t\t\t<\/div>\n\n\t\n\n\t<div id=\"col-1538867218\" class=\"col medium-5 small-12 large-5\"  >\n\t\t\t\t<div class=\"col-inner\"  >\n\t\t\t\n\t\t\t\n\t<div class=\"img has-hover x md-x lg-x y md-y lg-y\" id=\"image_1836168834\">\n\t\t\t\t\t\t\t\t<div class=\"img-inner dark\" >\n\t\t\t<img loading=\"lazy\" decoding=\"async\" width=\"300\" height=\"300\" src=\"https:\/\/telteks.com.tr\/wp-content\/uploads\/2023\/10\/VD-PAP-1-300x300-1.jpg\" class=\"attachment-original size-original\" alt=\"\" srcset=\"https:\/\/telteks.com.tr\/wp-content\/uploads\/2023\/10\/VD-PAP-1-300x300-1.jpg 300w, https:\/\/telteks.com.tr\/wp-content\/uploads\/2023\/10\/VD-PAP-1-300x300-1-150x150.jpg 150w\" sizes=\"auto, (max-width: 300px) 100vw, 300px\" \/>\t\t\t\t\t\t\n\t\t\t\t\t<\/div>\n\t\t\t\t\t\t\t\t\n<style>\n#image_1836168834 {\n  width: 100%;\n}\n<\/style>\n\t<\/div>\n\t\n\t\t<\/div>\n\t\t\t\t\t<\/div>\n\n\t\n<\/div>\n\t\t<\/div>\n\n\t\t\n<style>\n#section_1266694837 {\n  padding-top: 30px;\n  padding-bottom: 30px;\n}\n<\/style>\n\t<\/section>\n\t\n","protected":false},"excerpt":{"rendered":"","protected":false},"author":1,"featured_media":1231,"parent":601,"menu_order":0,"comment_status":"closed","ping_status":"closed","template":"page-blank.php","meta":{"footnotes":""},"class_list":["post-1791","page","type-page","status-publish","has-post-thumbnail","hentry"],"_links":{"self":[{"href":"https:\/\/telteks.com.tr\/en\/wp-json\/wp\/v2\/pages\/1791","targetHints":{"allow":["GET"]}}],"collection":[{"href":"https:\/\/telteks.com.tr\/en\/wp-json\/wp\/v2\/pages"}],"about":[{"href":"https:\/\/telteks.com.tr\/en\/wp-json\/wp\/v2\/types\/page"}],"author":[{"embeddable":true,"href":"https:\/\/telteks.com.tr\/en\/wp-json\/wp\/v2\/users\/1"}],"replies":[{"embeddable":true,"href":"https:\/\/telteks.com.tr\/en\/wp-json\/wp\/v2\/comments?post=1791"}],"version-history":[{"count":2,"href":"https:\/\/telteks.com.tr\/en\/wp-json\/wp\/v2\/pages\/1791\/revisions"}],"predecessor-version":[{"id":2184,"href":"https:\/\/telteks.com.tr\/en\/wp-json\/wp\/v2\/pages\/1791\/revisions\/2184"}],"up":[{"embeddable":true,"href":"https:\/\/telteks.com.tr\/en\/wp-json\/wp\/v2\/pages\/601"}],"wp:featuredmedia":[{"embeddable":true,"href":"https:\/\/telteks.com.tr\/en\/wp-json\/wp\/v2\/media\/1231"}],"wp:attachment":[{"href":"https:\/\/telteks.com.tr\/en\/wp-json\/wp\/v2\/media?parent=1791"}],"curies":[{"name":"wp","href":"https:\/\/api.w.org\/{rel}","templated":true}]}}