{"id":1787,"date":"2023-10-04T14:17:01","date_gmt":"2023-10-04T11:17:01","guid":{"rendered":"https:\/\/telteks.com.tr\/outdoor-telephone-cables\/kpd-p-a-a-02yst2y\/"},"modified":"2024-01-31T18:45:09","modified_gmt":"2024-01-31T15:45:09","slug":"kpd-p-a-a-02yst2y","status":"publish","type":"page","link":"https:\/\/telteks.com.tr\/en\/outdoor-telephone-cables\/kpd-p-a-a-02yst2y\/","title":{"rendered":"KPD-P-A A-02YST2Y"},"content":{"rendered":"  <div id=\"page-header-659097686\" class=\"page-header-wrapper\">\n  <div class=\"page-title dark featured-title\">\n\n        <div class=\"page-title-bg\">\n      <div class=\"title-bg fill bg-fill\"\n        data-parallax-container=\".page-title\"\n        data-parallax-background\n        data-parallax=\"-\">\n      <\/div>\n      <div class=\"title-overlay fill\"><\/div>\n    <\/div>\n    \n    <div class=\"page-title-inner container align-center flex-row medium-flex-wrap\" >\n              <div class=\"title-wrapper is-smaller flex-col text-left medium-text-center\">\n          <h1 class=\"entry-title mb-0\">\n            KPD-P-A A-02YST2Y          <\/h1>\n        <\/div>\n                    <div class=\"title-content flex-col flex-right text-right medium-text-center\">\n        <div class=\"title-breadcrumbs pb-half pt-half\"><\/div>      <\/div>\n    <\/div>\n\n     \n<style>\n#page-header-659097686 .title-bg {\n  background-image: url(https:\/\/telteks.com.tr\/wp-content\/uploads\/2023\/10\/KPD-P-A-A-02YST2Y.jpg);\n}\n#page-header-659097686 .title-overlay {\n  background-color: #d60404;\n}\n<\/style>\n  <\/div>\n    <\/div>\n  \n\t<section class=\"section\" id=\"section_1040294313\">\n\t\t<div class=\"bg section-bg fill bg-fill  bg-loaded\" >\n\n\t\t\t\n\t\t\t\n\t\t\t\n\n\t\t<\/div>\n\n\t\t\n\n\t\t<div class=\"section-content relative\">\n\t\t\t\n<div class=\"container section-title-container\" ><h3 class=\"section-title section-title-normal\"><b><\/b><span class=\"section-title-main\" >KPD-PAP A-02YS2Y(L)2Y<\/span><b><\/b><\/h3><\/div>\n<div class=\"row row-small\"  id=\"row-1295805677\">\n\n\t<div id=\"col-93737811\" class=\"col medium-7 small-12 large-7\"  >\n\t\t\t\t<div class=\"col-inner\"  >\n\t\t\t\n\t\t\t\n<p><strong>KABLO T\u0130P\u0130<\/strong> : KPD-PAP A<\/p>\n<div class=\"is-divider divider clearfix\" style=\"max-width:100%;height:2px;\"><\/div>\n<p><b>\u015eARTNAME<\/b>: T\u00dcRK TELEKOM<\/p>\n<div class=\"is-divider divider clearfix\" style=\"max-width:100%;height:2px;\"><\/div>\n<p><strong>KULLANIM YER\u0130<\/strong> : Abone kutusu ile abone ankastras\u0131 aras\u0131nda kullan\u0131l\u0131r. iletken \u00e7ap\u203a 0.5 mm olan kablolar k\u0131sa mesafe da\u011f\u0131t\u0131m \u015febekelerinde, iletken \u00e7ap\u203a 0.9 mm olan kablolar ise uzun mesafeli \u015febekelerde kullan\u0131l\u0131r. Elektrolitik (Tavl\u0131) bak\u0131r iletken (TS EN 13601 veya ASTM B33\u2019e g\u00f6re)<\/p>\n<div class=\"is-divider divider clearfix\" style=\"max-width:100%;height:2px;\"><\/div>\n<p><b>YAPI<\/b>: K\u00f6p\u00fckl\u00fc PE izolasyon (BS 6234 03 C) Nem i\u00e7ermeyen ve dielektrik \u00f6zelli\u011fi olan polyester bant Galvanizli \u00e7elik tel ask\u203a halat\u203a (ASTM A 475-66T) ASTM D 1248\u2019e uygun orta veya lineer al\u00e7ak yo\u011funluklu siyah polietilen d\u0131\u015f k\u0131l\u0131f<\/p>\n<a rel=\"noopener noreferrer\" href=\"https:\/\/telteks.com.tr\/wp-content\/uploads\/2023\/09\/1-Harici-Telefon-Kablolari.pdf\" target=\"_blank\" class=\"button primary\"  >\n    <span>DETAYLI PDF KATALOG<\/span>\n  <i class=\"icon-angle-right\" aria-hidden=\"true\" ><\/i><\/a>\n\n\t\t<\/div>\n\t\t\t\t\t<\/div>\n\n\t\n\n\t<div id=\"col-1960154749\" class=\"col medium-5 small-12 large-5\"  >\n\t\t\t\t<div class=\"col-inner\"  >\n\t\t\t\n\t\t\t\n\t<div class=\"img has-hover x md-x lg-x y md-y lg-y\" id=\"image_1840210233\">\n\t\t\t\t\t\t\t\t<div class=\"img-inner dark\" >\n\t\t\t<img loading=\"lazy\" decoding=\"async\" width=\"450\" height=\"450\" src=\"https:\/\/telteks.com.tr\/wp-content\/uploads\/2023\/10\/KPD-P-A-A-02YST2Y.jpg\" class=\"attachment-original size-original\" alt=\"\" srcset=\"https:\/\/telteks.com.tr\/wp-content\/uploads\/2023\/10\/KPD-P-A-A-02YST2Y.jpg 450w, https:\/\/telteks.com.tr\/wp-content\/uploads\/2023\/10\/KPD-P-A-A-02YST2Y-300x300.jpg 300w, https:\/\/telteks.com.tr\/wp-content\/uploads\/2023\/10\/KPD-P-A-A-02YST2Y-150x150.jpg 150w\" sizes=\"auto, (max-width: 450px) 100vw, 450px\" \/>\t\t\t\t\t\t\n\t\t\t\t\t<\/div>\n\t\t\t\t\t\t\t\t\n<style>\n#image_1840210233 {\n  width: 100%;\n}\n<\/style>\n\t<\/div>\n\t\n\t\t<\/div>\n\t\t\t\t\t<\/div>\n\n\t\n<\/div>\n\t\t<\/div>\n\n\t\t\n<style>\n#section_1040294313 {\n  padding-top: 30px;\n  padding-bottom: 30px;\n}\n<\/style>\n\t<\/section>\n\t\n","protected":false},"excerpt":{"rendered":"","protected":false},"author":1,"featured_media":1214,"parent":601,"menu_order":0,"comment_status":"closed","ping_status":"closed","template":"page-blank.php","meta":{"footnotes":""},"class_list":["post-1787","page","type-page","status-publish","has-post-thumbnail","hentry"],"_links":{"self":[{"href":"https:\/\/telteks.com.tr\/en\/wp-json\/wp\/v2\/pages\/1787","targetHints":{"allow":["GET"]}}],"collection":[{"href":"https:\/\/telteks.com.tr\/en\/wp-json\/wp\/v2\/pages"}],"about":[{"href":"https:\/\/telteks.com.tr\/en\/wp-json\/wp\/v2\/types\/page"}],"author":[{"embeddable":true,"href":"https:\/\/telteks.com.tr\/en\/wp-json\/wp\/v2\/users\/1"}],"replies":[{"embeddable":true,"href":"https:\/\/telteks.com.tr\/en\/wp-json\/wp\/v2\/comments?post=1787"}],"version-history":[{"count":2,"href":"https:\/\/telteks.com.tr\/en\/wp-json\/wp\/v2\/pages\/1787\/revisions"}],"predecessor-version":[{"id":2178,"href":"https:\/\/telteks.com.tr\/en\/wp-json\/wp\/v2\/pages\/1787\/revisions\/2178"}],"up":[{"embeddable":true,"href":"https:\/\/telteks.com.tr\/en\/wp-json\/wp\/v2\/pages\/601"}],"wp:featuredmedia":[{"embeddable":true,"href":"https:\/\/telteks.com.tr\/en\/wp-json\/wp\/v2\/media\/1214"}],"wp:attachment":[{"href":"https:\/\/telteks.com.tr\/en\/wp-json\/wp\/v2\/media?parent=1787"}],"curies":[{"name":"wp","href":"https:\/\/api.w.org\/{rel}","templated":true}]}}