{"id":1783,"date":"2023-10-04T14:03:32","date_gmt":"2023-10-04T11:03:32","guid":{"rendered":"https:\/\/telteks.com.tr\/outdoor-telephone-cables\/kpdf-ap-a-02ysfl2y\/"},"modified":"2024-01-31T18:43:46","modified_gmt":"2024-01-31T15:43:46","slug":"kpdf-ap-a-02ysfl2y","status":"publish","type":"page","link":"https:\/\/telteks.com.tr\/en\/outdoor-telephone-cables\/kpdf-ap-a-02ysfl2y\/","title":{"rendered":"KPDF-AP A-02YSF(L)2Y"},"content":{"rendered":"  <div id=\"page-header-788816429\" class=\"page-header-wrapper\">\n  <div class=\"page-title dark featured-title\">\n\n        <div class=\"page-title-bg\">\n      <div class=\"title-bg fill bg-fill\"\n        data-parallax-container=\".page-title\"\n        data-parallax-background\n        data-parallax=\"-\">\n      <\/div>\n      <div class=\"title-overlay fill\"><\/div>\n    <\/div>\n    \n    <div class=\"page-title-inner container align-center flex-row medium-flex-wrap\" >\n              <div class=\"title-wrapper is-smaller flex-col text-left medium-text-center\">\n          <h1 class=\"entry-title mb-0\">\n            KPDF-AP A-02YSF(L)2Y          <\/h1>\n        <\/div>\n                    <div class=\"title-content flex-col flex-right text-right medium-text-center\">\n        <div class=\"title-breadcrumbs pb-half pt-half\"><\/div>      <\/div>\n    <\/div>\n\n     \n<style>\n#page-header-788816429 .title-bg {\n  background-image: url(https:\/\/telteks.com.tr\/wp-content\/uploads\/2023\/10\/KPDF-AP-1-1-300x300-1.jpg);\n}\n#page-header-788816429 .title-overlay {\n  background-color: #d60404;\n}\n<\/style>\n  <\/div>\n    <\/div>\n  \n\t<section class=\"section\" id=\"section_2100632824\">\n\t\t<div class=\"bg section-bg fill bg-fill  bg-loaded\" >\n\n\t\t\t\n\t\t\t\n\t\t\t\n\n\t\t<\/div>\n\n\t\t\n\n\t\t<div class=\"section-content relative\">\n\t\t\t\n<div class=\"container section-title-container\" ><h3 class=\"section-title section-title-normal\"><b><\/b><span class=\"section-title-main\" >KPDF-AP A-02YSF(L)2Y<\/span><b><\/b><\/h3><\/div>\n<div class=\"row row-small\"  id=\"row-855026119\">\n\n\t<div id=\"col-1749763631\" class=\"col medium-7 small-12 large-7\"  >\n\t\t\t\t<div class=\"col-inner\"  >\n\t\t\t\n\t\t\t\n<p><strong>KABLO T\u0130P\u0130<\/strong> : KPDF-AP A-02YSF(L)2Y<\/p>\n<div class=\"is-divider divider clearfix\" style=\"max-width:100%;height:2px;\"><\/div>\n<p><b>\u015eARTNAME<\/b>: T\u00dcRK TELEKOM<\/p>\n<div class=\"is-divider divider clearfix\" style=\"max-width:100%;height:2px;\"><\/div>\n<p><strong>KULLANIM YER\u0130<\/strong> : Yeralt\u0131na d\u00f6\u015fenen b\u00fczler i\u00e7erisinde kullan\u0131labilece\u011fi gibi do\u011frudan topra\u011fa g\u00f6m\u00fclerek de kullan\u0131labilir. iletken \u00e7ap\u0131 0,4 ve 0,5 mm olan kablolar k\u0131sa mesafe da\u011f\u0131t\u0131m \u015febekelerinde, iletken \u00e7ap\u203a 0,6 ve 0,9 mm olan kablolar ise uzun mesafeli \u015febekelerde kullan\u0131l\u0131r.\u00a0<\/p>\n<div class=\"is-divider divider clearfix\" style=\"max-width:100%;height:2px;\"><\/div>\n<p><b>YAPI<\/b>: Elektrolitik (Tavl\u0131) bak\u0131r iletken (TS EN 13601 veya ASTM B33\u2019e g\u00f6re)<br \/>K\u00f6p\u00fckl\u00fc PE izolasyon (BS 6234 03 C) \u00c7ekirdek, i\u00e7erisindeki hava bo?luklar\u203andan suyun ilerlemesini \u00f6nlemek i\u00e7in \u00f6zel bir dolgu malzemesi (Jelly) ile doldurulur.<br \/>Nem i\u00e7ermeyen ve dielektrik \u00f6zelli\u011fi olan Polyester bant Polyester ile al\u00fcminyum ekran aras\u0131na, su s\u0131zd\u0131rmazl\u0131\u011f\u0131 sa\u011flamak i\u00e7in, yeterli miktarda dolgu malzemesi<br \/>Her iki taraf\u203a kopolimer filmle kapl\u0131 Al\u00fcminyum folyo koruyucu ASTM D 1248\u2019e uygun orta veya lineer al\u00e7ak yo\u011funluklu siyah polietilen d\u0131\u015f k\u0131l\u0131f<\/p>\n<a rel=\"noopener noreferrer\" href=\"https:\/\/telteks.com.tr\/wp-content\/uploads\/2023\/09\/1-Harici-Telefon-Kablolari.pdf\" target=\"_blank\" class=\"button primary\"  >\n    <span>DETAYLI PDF KATALOG<\/span>\n  <i class=\"icon-angle-right\" aria-hidden=\"true\" ><\/i><\/a>\n\n\t\t<\/div>\n\t\t\t\t\t<\/div>\n\n\t\n\n\t<div id=\"col-159904327\" class=\"col medium-5 small-12 large-5\"  >\n\t\t\t\t<div class=\"col-inner\"  >\n\t\t\t\n\t\t\t\n\t<div class=\"img has-hover x md-x lg-x y md-y lg-y\" id=\"image_1341183674\">\n\t\t\t\t\t\t\t\t<div class=\"img-inner dark\" >\n\t\t\t<img loading=\"lazy\" decoding=\"async\" width=\"300\" height=\"300\" src=\"https:\/\/telteks.com.tr\/wp-content\/uploads\/2023\/10\/KPDF-AP-1-1-300x300-1.jpg\" class=\"attachment-original size-original\" alt=\"\" srcset=\"https:\/\/telteks.com.tr\/wp-content\/uploads\/2023\/10\/KPDF-AP-1-1-300x300-1.jpg 300w, https:\/\/telteks.com.tr\/wp-content\/uploads\/2023\/10\/KPDF-AP-1-1-300x300-1-150x150.jpg 150w\" sizes=\"auto, (max-width: 300px) 100vw, 300px\" \/>\t\t\t\t\t\t\n\t\t\t\t\t<\/div>\n\t\t\t\t\t\t\t\t\n<style>\n#image_1341183674 {\n  width: 100%;\n}\n<\/style>\n\t<\/div>\n\t\n\t\t<\/div>\n\t\t\t\t\t<\/div>\n\n\t\n<\/div>\n\t\t<\/div>\n\n\t\t\n<style>\n#section_2100632824 {\n  padding-top: 30px;\n  padding-bottom: 30px;\n}\n<\/style>\n\t<\/section>\n\t\n","protected":false},"excerpt":{"rendered":"","protected":false},"author":1,"featured_media":1189,"parent":601,"menu_order":0,"comment_status":"closed","ping_status":"closed","template":"page-blank.php","meta":{"footnotes":""},"class_list":["post-1783","page","type-page","status-publish","has-post-thumbnail","hentry"],"_links":{"self":[{"href":"https:\/\/telteks.com.tr\/en\/wp-json\/wp\/v2\/pages\/1783","targetHints":{"allow":["GET"]}}],"collection":[{"href":"https:\/\/telteks.com.tr\/en\/wp-json\/wp\/v2\/pages"}],"about":[{"href":"https:\/\/telteks.com.tr\/en\/wp-json\/wp\/v2\/types\/page"}],"author":[{"embeddable":true,"href":"https:\/\/telteks.com.tr\/en\/wp-json\/wp\/v2\/users\/1"}],"replies":[{"embeddable":true,"href":"https:\/\/telteks.com.tr\/en\/wp-json\/wp\/v2\/comments?post=1783"}],"version-history":[{"count":2,"href":"https:\/\/telteks.com.tr\/en\/wp-json\/wp\/v2\/pages\/1783\/revisions"}],"predecessor-version":[{"id":2170,"href":"https:\/\/telteks.com.tr\/en\/wp-json\/wp\/v2\/pages\/1783\/revisions\/2170"}],"up":[{"embeddable":true,"href":"https:\/\/telteks.com.tr\/en\/wp-json\/wp\/v2\/pages\/601"}],"wp:featuredmedia":[{"embeddable":true,"href":"https:\/\/telteks.com.tr\/en\/wp-json\/wp\/v2\/media\/1189"}],"wp:attachment":[{"href":"https:\/\/telteks.com.tr\/en\/wp-json\/wp\/v2\/media?parent=1783"}],"curies":[{"name":"wp","href":"https:\/\/api.w.org\/{rel}","templated":true}]}}