{"id":1741,"date":"2023-10-04T00:27:54","date_gmt":"2023-10-03T21:27:54","guid":{"rendered":"https:\/\/telteks.com.tr\/energy-cables\/h03vv-f\/"},"modified":"2024-01-31T18:22:05","modified_gmt":"2024-01-31T15:22:05","slug":"h03vv-f","status":"publish","type":"page","link":"https:\/\/telteks.com.tr\/en\/energy-cables\/h03vv-f\/","title":{"rendered":"H03VV-F"},"content":{"rendered":"  <div id=\"page-header-779076847\" class=\"page-header-wrapper\">\n  <div class=\"page-title dark featured-title\">\n\n        <div class=\"page-title-bg\">\n      <div class=\"title-bg fill bg-fill\"\n        data-parallax-container=\".page-title\"\n        data-parallax-background\n        data-parallax=\"-\">\n      <\/div>\n      <div class=\"title-overlay fill\"><\/div>\n    <\/div>\n    \n    <div class=\"page-title-inner container align-center flex-row medium-flex-wrap\" >\n              <div class=\"title-wrapper is-smaller flex-col text-left medium-text-center\">\n          <h1 class=\"entry-title mb-0\">\n            H03VV-F          <\/h1>\n        <\/div>\n                    <div class=\"title-content flex-col flex-right text-right medium-text-center\">\n        <div class=\"title-breadcrumbs pb-half pt-half\"><\/div>      <\/div>\n    <\/div>\n\n     \n<style>\n#page-header-779076847 .title-bg {\n  background-image: url(https:\/\/telteks.com.tr\/wp-content\/uploads\/2023\/10\/H03VV-F-300x300-1.jpg);\n}\n#page-header-779076847 .title-overlay {\n  background-color: #d60404;\n}\n<\/style>\n  <\/div>\n    <\/div>\n  \n\t<section class=\"section\" id=\"section_402432211\">\n\t\t<div class=\"bg section-bg fill bg-fill  bg-loaded\" >\n\n\t\t\t\n\t\t\t\n\t\t\t\n\n\t\t<\/div>\n\n\t\t\n\n\t\t<div class=\"section-content relative\">\n\t\t\t\n<div class=\"container section-title-container\" ><h3 class=\"section-title section-title-normal\"><b><\/b><span class=\"section-title-main\" >H03VV-F<\/span><b><\/b><\/h3><\/div>\n<div class=\"row row-small\"  id=\"row-2070816545\">\n\n\t<div id=\"col-968218221\" class=\"col medium-7 small-12 large-7\"  >\n\t\t\t\t<div class=\"col-inner\"  >\n\t\t\t\n\t\t\t\n<p><strong>KABLO T\u0130P\u0130<\/strong> : H03VV-F<\/p>\n<div class=\"is-divider divider clearfix\" style=\"max-width:100%;height:2px;\"><\/div>\n<p><b>\u015eARTNAME<\/b>: VDE 0250, VDE 0281 part 5, TS EN 50525-2-11:2011<\/p>\n<div class=\"is-divider divider clearfix\" style=\"max-width:100%;height:2px;\"><\/div>\n<p><strong>KULLANIM YER\u0130<\/strong> : Mekanik zorlamalar\u0131n az oldu\u011fu, kuru kapal\u0131 ve rutubetli yerlerde ayr\u0131ca ev aletlerinde kullan\u0131l\u0131r.<\/p>\n<div class=\"is-divider divider clearfix\" style=\"max-width:100%;height:2px;\"><\/div>\n<p><b>YAPI<\/b>: De\u011fi\u015fik kesitlerde ince, \u00e7ok iletkenli b\u00fck\u00fcl\u00fc elektrolitik bak\u0131r IEC 60228 s\u0131n\u0131fa 5\u2019e g\u00f6re TI 2 tipi PVC izole damarlar izole damarlar bir arada b\u00fck\u00fcl\u00fcr.<br \/>Siyah, Gri veya Beyaz renkli TM 2 tipi PVC d\u0131\u015f k\u0131l\u0131f. Sar\u0131\/Ye\u015fil toprak koruma damarl\u0131 ve koruma damars\u0131z<\/p>\n<a rel=\"noopener noreferrer\" href=\"https:\/\/telteks.com.tr\/wp-content\/uploads\/2023\/09\/6-Enerji-Kablolari.pdf\" target=\"_blank\" class=\"button primary\"  >\n    <span>DETAYLI PDF KATALOG<\/span>\n  <i class=\"icon-angle-right\" aria-hidden=\"true\" ><\/i><\/a>\n\n\t\t<\/div>\n\t\t\t\t\t<\/div>\n\n\t\n\n\t<div id=\"col-75072783\" class=\"col medium-5 small-12 large-5\"  >\n\t\t\t\t<div class=\"col-inner\"  >\n\t\t\t\n\t\t\t\n\t<div class=\"img has-hover x md-x lg-x y md-y lg-y\" id=\"image_1374686696\">\n\t\t\t\t\t\t\t\t<div class=\"img-inner dark\" >\n\t\t\t<img loading=\"lazy\" decoding=\"async\" width=\"300\" height=\"300\" src=\"https:\/\/telteks.com.tr\/wp-content\/uploads\/2023\/10\/H03VV-F-300x300-1.jpg\" class=\"attachment-original size-original\" alt=\"\" srcset=\"https:\/\/telteks.com.tr\/wp-content\/uploads\/2023\/10\/H03VV-F-300x300-1.jpg 300w, https:\/\/telteks.com.tr\/wp-content\/uploads\/2023\/10\/H03VV-F-300x300-1-150x150.jpg 150w\" sizes=\"auto, (max-width: 300px) 100vw, 300px\" \/>\t\t\t\t\t\t\n\t\t\t\t\t<\/div>\n\t\t\t\t\t\t\t\t\n<style>\n#image_1374686696 {\n  width: 100%;\n}\n<\/style>\n\t<\/div>\n\t\n\t\t<\/div>\n\t\t\t\t\t<\/div>\n\n\t\n<\/div>\n\t\t<\/div>\n\n\t\t\n<style>\n#section_402432211 {\n  padding-top: 30px;\n  padding-bottom: 30px;\n}\n<\/style>\n\t<\/section>\n\t\n","protected":false},"excerpt":{"rendered":"","protected":false},"author":1,"featured_media":1089,"parent":592,"menu_order":0,"comment_status":"closed","ping_status":"closed","template":"page-blank.php","meta":{"footnotes":""},"class_list":["post-1741","page","type-page","status-publish","has-post-thumbnail","hentry"],"_links":{"self":[{"href":"https:\/\/telteks.com.tr\/en\/wp-json\/wp\/v2\/pages\/1741","targetHints":{"allow":["GET"]}}],"collection":[{"href":"https:\/\/telteks.com.tr\/en\/wp-json\/wp\/v2\/pages"}],"about":[{"href":"https:\/\/telteks.com.tr\/en\/wp-json\/wp\/v2\/types\/page"}],"author":[{"embeddable":true,"href":"https:\/\/telteks.com.tr\/en\/wp-json\/wp\/v2\/users\/1"}],"replies":[{"embeddable":true,"href":"https:\/\/telteks.com.tr\/en\/wp-json\/wp\/v2\/comments?post=1741"}],"version-history":[{"count":2,"href":"https:\/\/telteks.com.tr\/en\/wp-json\/wp\/v2\/pages\/1741\/revisions"}],"predecessor-version":[{"id":2156,"href":"https:\/\/telteks.com.tr\/en\/wp-json\/wp\/v2\/pages\/1741\/revisions\/2156"}],"up":[{"embeddable":true,"href":"https:\/\/telteks.com.tr\/en\/wp-json\/wp\/v2\/pages\/592"}],"wp:featuredmedia":[{"embeddable":true,"href":"https:\/\/telteks.com.tr\/en\/wp-json\/wp\/v2\/media\/1089"}],"wp:attachment":[{"href":"https:\/\/telteks.com.tr\/en\/wp-json\/wp\/v2\/media?parent=1741"}],"curies":[{"name":"wp","href":"https:\/\/api.w.org\/{rel}","templated":true}]}}