{"id":1729,"date":"2023-10-03T22:53:42","date_gmt":"2023-10-03T19:53:42","guid":{"rendered":"https:\/\/telteks.com.tr\/energy-cables\/h07v-r\/"},"modified":"2024-01-31T18:20:26","modified_gmt":"2024-01-31T15:20:26","slug":"h07v-r","status":"publish","type":"page","link":"https:\/\/telteks.com.tr\/en\/energy-cables\/h07v-r\/","title":{"rendered":"H07V-R"},"content":{"rendered":"  <div id=\"page-header-96535651\" class=\"page-header-wrapper\">\n  <div class=\"page-title dark featured-title\">\n\n        <div class=\"page-title-bg\">\n      <div class=\"title-bg fill bg-fill\"\n        data-parallax-container=\".page-title\"\n        data-parallax-background\n        data-parallax=\"-\">\n      <\/div>\n      <div class=\"title-overlay fill\"><\/div>\n    <\/div>\n    \n    <div class=\"page-title-inner container align-center flex-row medium-flex-wrap\" >\n              <div class=\"title-wrapper is-smaller flex-col text-left medium-text-center\">\n          <h1 class=\"entry-title mb-0\">\n            H07V-R          <\/h1>\n        <\/div>\n                    <div class=\"title-content flex-col flex-right text-right medium-text-center\">\n        <div class=\"title-breadcrumbs pb-half pt-half\"><\/div>      <\/div>\n    <\/div>\n\n     \n<style>\n#page-header-96535651 .title-bg {\n  background-image: url(https:\/\/telteks.com.tr\/wp-content\/uploads\/2023\/10\/H07V-R-300x300-1.jpg);\n}\n#page-header-96535651 .title-overlay {\n  background-color: #d60404;\n}\n<\/style>\n  <\/div>\n    <\/div>\n  \n\t<section class=\"section\" id=\"section_656971279\">\n\t\t<div class=\"bg section-bg fill bg-fill  bg-loaded\" >\n\n\t\t\t\n\t\t\t\n\t\t\t\n\n\t\t<\/div>\n\n\t\t\n\n\t\t<div class=\"section-content relative\">\n\t\t\t\n<div class=\"container section-title-container\" ><h3 class=\"section-title section-title-normal\"><b><\/b><span class=\"section-title-main\" >H07V-R<\/span><b><\/b><\/h3><\/div>\n<div class=\"row row-small\"  id=\"row-1600255268\">\n\n\t<div id=\"col-252855231\" class=\"col medium-7 small-12 large-7\"  >\n\t\t\t\t<div class=\"col-inner\"  >\n\t\t\t\n\t\t\t\n<p><strong>KABLO T\u0130P\u0130<\/strong> : H07V-R<\/p>\n<div class=\"is-divider divider clearfix\" style=\"max-width:100%;height:2px;\"><\/div>\n<p><b>\u015eARTNAME<\/b>: VDE 0250, VDE 0281 part 3, TS EN 50525-2-31:2012<\/p>\n<div class=\"is-divider divider clearfix\" style=\"max-width:100%;height:2px;\"><\/div>\n<p><strong>KULLANIM YER\u0130<\/strong> : Sabit tesislerde, da\u011f\u0131t\u0131m panolar\u0131nda, kuru ve kapal\u0131 yerlerde, s\u0131va i\u00e7inde ve s\u0131va \u00fczerindeki borular\u0131n i\u00e7inde kullan\u0131l\u0131r.<\/p>\n<div class=\"is-divider divider clearfix\" style=\"max-width:100%;height:2px;\"><\/div>\n<p><b>YAPI<\/b>: De\u011fi\u015fik kesitlerde \u00e7ok iletkenli b\u00fck\u00fcl\u00fc elektrolitik bak\u0131r<br \/>\nA\u015fa\u011f\u0131daki renklerde TI1 tipi PVC izole<br \/>\nSiyah, Mavi, Kahverengi, Gri, Turuncu, Pembe, K\u0131rm\u0131z\u0131, Menek\u015fe, Turkuaz, Beyaz, Sar\u0131\/Ye\u015fil<\/p>\n<a rel=\"noopener noreferrer\" href=\"https:\/\/telteks.com.tr\/wp-content\/uploads\/2023\/09\/6-Enerji-Kablolari.pdf\" target=\"_blank\" class=\"button primary\"  >\n    <span>DETAYLI PDF KATALOG<\/span>\n  <i class=\"icon-angle-right\" aria-hidden=\"true\" ><\/i><\/a>\n\n\t\t<\/div>\n\t\t\t\t\t<\/div>\n\n\t\n\n\t<div id=\"col-1680058941\" class=\"col medium-5 small-12 large-5\"  >\n\t\t\t\t<div class=\"col-inner\"  >\n\t\t\t\n\t\t\t\n\t<div class=\"img has-hover x md-x lg-x y md-y lg-y\" id=\"image_594092774\">\n\t\t\t\t\t\t\t\t<div class=\"img-inner dark\" >\n\t\t\t<img loading=\"lazy\" decoding=\"async\" width=\"300\" height=\"300\" src=\"https:\/\/telteks.com.tr\/wp-content\/uploads\/2023\/10\/H07V-R-300x300-1.jpg\" class=\"attachment-original size-original\" alt=\"\" srcset=\"https:\/\/telteks.com.tr\/wp-content\/uploads\/2023\/10\/H07V-R-300x300-1.jpg 300w, https:\/\/telteks.com.tr\/wp-content\/uploads\/2023\/10\/H07V-R-300x300-1-150x150.jpg 150w\" sizes=\"auto, (max-width: 300px) 100vw, 300px\" \/>\t\t\t\t\t\t\n\t\t\t\t\t<\/div>\n\t\t\t\t\t\t\t\t\n<style>\n#image_594092774 {\n  width: 100%;\n}\n<\/style>\n\t<\/div>\n\t\n\t\t<\/div>\n\t\t\t\t\t<\/div>\n\n\t\n<\/div>\n\t\t<\/div>\n\n\t\t\n<style>\n#section_656971279 {\n  padding-top: 30px;\n  padding-bottom: 30px;\n}\n<\/style>\n\t<\/section>\n\t\n","protected":false},"excerpt":{"rendered":"","protected":false},"author":1,"featured_media":1067,"parent":592,"menu_order":0,"comment_status":"closed","ping_status":"closed","template":"page-blank.php","meta":{"footnotes":""},"class_list":["post-1729","page","type-page","status-publish","has-post-thumbnail","hentry"],"_links":{"self":[{"href":"https:\/\/telteks.com.tr\/en\/wp-json\/wp\/v2\/pages\/1729","targetHints":{"allow":["GET"]}}],"collection":[{"href":"https:\/\/telteks.com.tr\/en\/wp-json\/wp\/v2\/pages"}],"about":[{"href":"https:\/\/telteks.com.tr\/en\/wp-json\/wp\/v2\/types\/page"}],"author":[{"embeddable":true,"href":"https:\/\/telteks.com.tr\/en\/wp-json\/wp\/v2\/users\/1"}],"replies":[{"embeddable":true,"href":"https:\/\/telteks.com.tr\/en\/wp-json\/wp\/v2\/comments?post=1729"}],"version-history":[{"count":3,"href":"https:\/\/telteks.com.tr\/en\/wp-json\/wp\/v2\/pages\/1729\/revisions"}],"predecessor-version":[{"id":2148,"href":"https:\/\/telteks.com.tr\/en\/wp-json\/wp\/v2\/pages\/1729\/revisions\/2148"}],"up":[{"embeddable":true,"href":"https:\/\/telteks.com.tr\/en\/wp-json\/wp\/v2\/pages\/592"}],"wp:featuredmedia":[{"embeddable":true,"href":"https:\/\/telteks.com.tr\/en\/wp-json\/wp\/v2\/media\/1067"}],"wp:attachment":[{"href":"https:\/\/telteks.com.tr\/en\/wp-json\/wp\/v2\/media?parent=1729"}],"curies":[{"name":"wp","href":"https:\/\/api.w.org\/{rel}","templated":true}]}}