{"id":1699,"date":"2023-09-26T23:53:18","date_gmt":"2023-09-26T20:53:18","guid":{"rendered":"https:\/\/telteks.com.tr\/data-lan-cables\/category-3-utp-bina-ici\/"},"modified":"2024-01-31T18:02:57","modified_gmt":"2024-01-31T15:02:57","slug":"category-3-utp-bina-ici","status":"publish","type":"page","link":"https:\/\/telteks.com.tr\/en\/data-lan-cables\/category-3-utp-bina-ici\/","title":{"rendered":"Category 3 UTP Bina \u0130\u00e7i"},"content":{"rendered":"  <div id=\"page-header-2051467141\" class=\"page-header-wrapper\">\n  <div class=\"page-title dark featured-title\">\n\n        <div class=\"page-title-bg\">\n      <div class=\"title-bg fill bg-fill\"\n        data-parallax-container=\".page-title\"\n        data-parallax-background\n        data-parallax=\"-\">\n      <\/div>\n      <div class=\"title-overlay fill\"><\/div>\n    <\/div>\n    \n    <div class=\"page-title-inner container align-center flex-row medium-flex-wrap\" >\n              <div class=\"title-wrapper is-smaller flex-col text-left medium-text-center\">\n          <h1 class=\"entry-title mb-0\">\n            Category 3 UTP Bina \u0130\u00e7i          <\/h1>\n        <\/div>\n                    <div class=\"title-content flex-col flex-right text-right medium-text-center\">\n        <div class=\"title-breadcrumbs pb-half pt-half\"><\/div>      <\/div>\n    <\/div>\n\n     \n<style>\n#page-header-2051467141 .title-bg {\n  background-image: url(https:\/\/telteks.com.tr\/wp-content\/uploads\/2023\/09\/CATEGORY-3-UTP-Bina-ici-Indoor-300x300-1.jpg);\n}\n#page-header-2051467141 .title-overlay {\n  background-color: #d60404;\n}\n<\/style>\n  <\/div>\n    <\/div>\n  \n\t<section class=\"section\" id=\"section_1805407455\">\n\t\t<div class=\"bg section-bg fill bg-fill  bg-loaded\" >\n\n\t\t\t\n\t\t\t\n\t\t\t\n\n\t\t<\/div>\n\n\t\t\n\n\t\t<div class=\"section-content relative\">\n\t\t\t\n<div class=\"container section-title-container\" ><h3 class=\"section-title section-title-normal\"><b><\/b><span class=\"section-title-main\" >CATEGORY 3 UTP (B\u0130NA \u0130\u00c7\u0130 INDOOR)<\/span><b><\/b><\/h3><\/div>\n<div class=\"row row-small\"  id=\"row-1503134501\">\n\n\t<div id=\"col-1754169100\" class=\"col medium-7 small-12 large-7\"  >\n\t\t\t\t<div class=\"col-inner\"  >\n\t\t\t\n\t\t\t\n<p><strong>KABLO T\u0130P\u0130<\/strong>\u00a0: CATEGORY 3 UTP (Bina \u0130\u00e7i) (4x2x24 AWG \u2013 25x2x24 AWG \u2013 50x2x24 AWG \u2013 100x2x24 AWG)<\/p>\n<div class=\"is-divider divider clearfix\" style=\"max-width:100%;height:2px;\"><\/div>\n<p><b>\u015eARTNAME<\/b>: ANSI\/TIA\/EIA-568-B.2\u2019ye g\u00f6re Category 3, TS IEC 61156-5:2014<\/p>\n<div class=\"is-divider divider clearfix\" style=\"max-width:100%;height:2px;\"><\/div>\n<p><strong>KULLANIM YER\u0130<\/strong>\u00a0: Bu kablolar bina i\u00e7i bilgi ileti\u015fim sistemlerinde 10 Mbit\/sn-16 Mbit\/sn h\u0131za kadar analog ve dijital sinyal iletiminde kullan\u0131l\u0131r<\/p>\n<div class=\"is-divider divider clearfix\" style=\"max-width:100%;height:2px;\"><\/div>\n<p><b>YAPI<\/b>: \u00d8 0,51 mm elektrolitik bak\u0131r iletken PE yal\u0131tkan \u00c7iftler halinde b\u00fck\u00fcl\u00fc damarlar \u00c7iftler bir arada b\u00fck\u00fclerek kablo \u00f6z\u00fc olu\u015fturulur Nem i\u00e7ermeyen ve dielektrik \u00f6zelli\u011fi olan Polyester film Gri renkli PVC d\u0131\u015f\u0131 k\u0131l\u0131f. (RAL 7032)<\/p>\n<ul>\n<li><strong>Kablo \u00e7ap\u0131<\/strong>: 4\u00d72:5.1 mm, 25\u00d72:11.3 mm, 50\u00d72:14.4 mm, 100\u00d72:21.5 mm<\/li>\n<li><strong>Kablo a\u011f\u0131rl\u0131\u011f\u0131<\/strong>: 4\u00d72:32.0 kg\/km, 25\u00d72:182 kg\/km, 50\u00d72:324 kg\/km, 100\u00d72: 633 kg\/km<\/li>\n<li><strong>Standart ambalaj:<\/strong> 100 m kangal, 500 m-1000 m makara<\/li>\n<\/ul>\n<a rel=\"noopener noreferrer\" href=\"https:\/\/telteks.com.tr\/wp-content\/uploads\/2023\/09\/4-DataLAN-Kablolari.pdf\" target=\"_blank\" class=\"button primary\"  >\n    <span>DETAYLI PDF KATALOG<\/span>\n  <i class=\"icon-angle-right\" aria-hidden=\"true\" ><\/i><\/a>\n\n\t\t<\/div>\n\t\t\t\t\t<\/div>\n\n\t\n\n\t<div id=\"col-931172692\" class=\"col medium-5 small-12 large-5\"  >\n\t\t\t\t<div class=\"col-inner\"  >\n\t\t\t\n\t\t\t\n\t<div class=\"img has-hover x md-x lg-x y md-y lg-y\" id=\"image_954473864\">\n\t\t\t\t\t\t\t\t<div class=\"img-inner dark\" >\n\t\t\t<img loading=\"lazy\" decoding=\"async\" width=\"300\" height=\"300\" src=\"https:\/\/telteks.com.tr\/wp-content\/uploads\/2023\/09\/CATEGORY-3-UTP-Bina-ici-Indoor-300x300-1.jpg\" class=\"attachment-original size-original\" alt=\"\" srcset=\"https:\/\/telteks.com.tr\/wp-content\/uploads\/2023\/09\/CATEGORY-3-UTP-Bina-ici-Indoor-300x300-1.jpg 300w, https:\/\/telteks.com.tr\/wp-content\/uploads\/2023\/09\/CATEGORY-3-UTP-Bina-ici-Indoor-300x300-1-150x150.jpg 150w\" sizes=\"auto, (max-width: 300px) 100vw, 300px\" \/>\t\t\t\t\t\t\n\t\t\t\t\t<\/div>\n\t\t\t\t\t\t\t\t\n<style>\n#image_954473864 {\n  width: 100%;\n}\n<\/style>\n\t<\/div>\n\t\n\t\t<\/div>\n\t\t\t\t\t<\/div>\n\n\t\n<\/div>\n\t\t<\/div>\n\n\t\t\n<style>\n#section_1805407455 {\n  padding-top: 30px;\n  padding-bottom: 30px;\n}\n<\/style>\n\t<\/section>\n\t\n","protected":false},"excerpt":{"rendered":"","protected":false},"author":1,"featured_media":739,"parent":587,"menu_order":0,"comment_status":"closed","ping_status":"closed","template":"page-blank.php","meta":{"footnotes":""},"class_list":["post-1699","page","type-page","status-publish","has-post-thumbnail","hentry"],"_links":{"self":[{"href":"https:\/\/telteks.com.tr\/en\/wp-json\/wp\/v2\/pages\/1699","targetHints":{"allow":["GET"]}}],"collection":[{"href":"https:\/\/telteks.com.tr\/en\/wp-json\/wp\/v2\/pages"}],"about":[{"href":"https:\/\/telteks.com.tr\/en\/wp-json\/wp\/v2\/types\/page"}],"author":[{"embeddable":true,"href":"https:\/\/telteks.com.tr\/en\/wp-json\/wp\/v2\/users\/1"}],"replies":[{"embeddable":true,"href":"https:\/\/telteks.com.tr\/en\/wp-json\/wp\/v2\/comments?post=1699"}],"version-history":[{"count":3,"href":"https:\/\/telteks.com.tr\/en\/wp-json\/wp\/v2\/pages\/1699\/revisions"}],"predecessor-version":[{"id":2094,"href":"https:\/\/telteks.com.tr\/en\/wp-json\/wp\/v2\/pages\/1699\/revisions\/2094"}],"up":[{"embeddable":true,"href":"https:\/\/telteks.com.tr\/en\/wp-json\/wp\/v2\/pages\/587"}],"wp:featuredmedia":[{"embeddable":true,"href":"https:\/\/telteks.com.tr\/en\/wp-json\/wp\/v2\/media\/739"}],"wp:attachment":[{"href":"https:\/\/telteks.com.tr\/en\/wp-json\/wp\/v2\/media?parent=1699"}],"curies":[{"name":"wp","href":"https:\/\/api.w.org\/{rel}","templated":true}]}}