{"id":1694,"date":"2023-10-03T00:19:55","date_gmt":"2023-10-02T21:19:55","guid":{"rendered":"https:\/\/telteks.com.tr\/data-lan-cables\/category-5e-s-stp-4x2x24-awg\/"},"modified":"2024-01-31T18:05:11","modified_gmt":"2024-01-31T15:05:11","slug":"category-5e-s-stp-4x2x24-awg","status":"publish","type":"page","link":"https:\/\/telteks.com.tr\/en\/data-lan-cables\/category-5e-s-stp-4x2x24-awg\/","title":{"rendered":"CATEGORY 5e S\/STP 4x2x24 AWG"},"content":{"rendered":"  <div id=\"page-header-1848293931\" class=\"page-header-wrapper\">\n  <div class=\"page-title dark featured-title\">\n\n        <div class=\"page-title-bg\">\n      <div class=\"title-bg fill bg-fill\"\n        data-parallax-container=\".page-title\"\n        data-parallax-background\n        data-parallax=\"-\">\n      <\/div>\n      <div class=\"title-overlay fill\"><\/div>\n    <\/div>\n    \n    <div class=\"page-title-inner container align-center flex-row medium-flex-wrap\" >\n              <div class=\"title-wrapper is-smaller flex-col text-left medium-text-center\">\n          <h1 class=\"entry-title mb-0\">\n            CATEGORY 5e S\/STP 4x2x24 AWG          <\/h1>\n        <\/div>\n                    <div class=\"title-content flex-col flex-right text-right medium-text-center\">\n        <div class=\"title-breadcrumbs pb-half pt-half\"><\/div>      <\/div>\n    <\/div>\n\n     \n<style>\n#page-header-1848293931 .title-bg {\n  background-image: url(https:\/\/telteks.com.tr\/wp-content\/uploads\/2023\/09\/CATEGORY-5e-S-STP-4x2x24-AWG-300x300-1.jpg);\n}\n#page-header-1848293931 .title-overlay {\n  background-color: #d60404;\n}\n<\/style>\n  <\/div>\n    <\/div>\n  \n\t<section class=\"section\" id=\"section_1060216191\">\n\t\t<div class=\"bg section-bg fill bg-fill  bg-loaded\" >\n\n\t\t\t\n\t\t\t\n\t\t\t\n\n\t\t<\/div>\n\n\t\t\n\n\t\t<div class=\"section-content relative\">\n\t\t\t\n<div class=\"container section-title-container\" ><h3 class=\"section-title section-title-normal\"><b><\/b><span class=\"section-title-main\" >CATEGORY 5e S\/STP 4x2x24 AWG<\/span><b><\/b><\/h3><\/div>\n<div class=\"row row-small\"  id=\"row-1124568505\">\n\n\t<div id=\"col-1647680849\" class=\"col medium-7 small-12 large-7\"  >\n\t\t\t\t<div class=\"col-inner\"  >\n\t\t\t\n\t\t\t\n<p><strong>KABLO T\u0130P\u0130<\/strong> : CATEGORY 5e S\/STP 4x2x24 AWG<\/p>\n<div class=\"is-divider divider clearfix\" style=\"max-width:100%;height:2px;\"><\/div>\n<p><b>\u015eARTNAME<\/b>: ANSI\/TIA\/EIA-568 B.2 ve IEC \u2013 61156-5 (ISO\/IEC-11801 i\u00e7in, TS IEC 61156-5:2014 | 2.bask\u0131)\u2019e g\u00f6re Category 5e, CENELEC EN 50288-3 ve ICEA S-90-661:1997\u2019ye g\u00f6re 100 Mhz.<\/p>\n<div class=\"is-divider divider clearfix\" style=\"max-width:100%;height:2px;\"><\/div>\n<p><strong>KULLANIM YER\u0130<\/strong> : Bu kablolar bilgi ileti\u015fim sistemlerinde 100 Mbit\/sn-150 Mbit\/sn h\u203aza kadar analog ve dijital sinyal iletiminde kullan\u0131l\u0131r. \u00c7iftlerin ekranlanmas\u0131 ve kablo \u00f6z\u00fcn\u00fcn kalayl\u0131 bak\u0131r \u00f6rg\u00fc ile kaplanmas\u0131 kabloyu d\u0131\u015far\u0131dan gelecek elektromanyetik etkilerden korur.<\/p>\n<div class=\"is-divider divider clearfix\" style=\"max-width:100%;height:2px;\"><\/div>\n<p><b>YAPI<\/b>: \u00d8 0,51 mm elektrolitik bak\u0131r iletken PE yal\u0131tkan \u00c7iftler halinde b\u00fck\u00fcl\u00fc damarlar \u00c7iftler ile birlikte \u00d8 0,50 mm elektrolitik kalayl\u0131 toprak teli \u00c7iftler \u00fczeri AL-PES-AL ile bireysel olarak ekranlan\u0131r. Ekranl\u0131 d\u00f6rt \u00e7ift bir arada b\u00fck\u00fclerek kablo \u00f6z\u00fc olu\u015fturulur. %85 kapama sa\u011flayacak \u015fekilde kalayl\u0131 bak\u0131r \u00f6rg\u00fc<br \/>\nGri renkli PVC d\u0131\u015f k\u0131l\u0131f (RAL 7032)<\/p>\n<ul>\n<li><strong>Kablo \u00e7ap\u0131<\/strong>: 6.6 mm<\/li>\n<li><strong>Kablo a\u011f\u0131rl\u0131\u011f\u0131<\/strong>: 63.0 kg\/km<\/li>\n<li><strong>Standart ambalaj:<\/strong> 100 m kangal, 305 m koli, 1000 m makara<\/li>\n<\/ul>\n<a rel=\"noopener noreferrer\" href=\"https:\/\/telteks.com.tr\/wp-content\/uploads\/2023\/09\/4-DataLAN-Kablolari.pdf\" target=\"_blank\" class=\"button primary\"  >\n    <span>DETAYLI PDF KATALOG<\/span>\n  <i class=\"icon-angle-right\" aria-hidden=\"true\" ><\/i><\/a>\n\n\t\t<\/div>\n\t\t\t\t\t<\/div>\n\n\t\n\n\t<div id=\"col-2022129932\" class=\"col medium-5 small-12 large-5\"  >\n\t\t\t\t<div class=\"col-inner\"  >\n\t\t\t\n\t\t\t\n\t<div class=\"img has-hover x md-x lg-x y md-y lg-y\" id=\"image_607410672\">\n\t\t\t\t\t\t\t\t<div class=\"img-inner dark\" >\n\t\t\t<img loading=\"lazy\" decoding=\"async\" width=\"300\" height=\"300\" src=\"https:\/\/telteks.com.tr\/wp-content\/uploads\/2023\/09\/CATEGORY-5e-S-STP-4x2x24-AWG-300x300-2.jpg\" class=\"attachment-original size-original\" alt=\"\" srcset=\"https:\/\/telteks.com.tr\/wp-content\/uploads\/2023\/09\/CATEGORY-5e-S-STP-4x2x24-AWG-300x300-2.jpg 300w, https:\/\/telteks.com.tr\/wp-content\/uploads\/2023\/09\/CATEGORY-5e-S-STP-4x2x24-AWG-300x300-2-150x150.jpg 150w\" sizes=\"auto, (max-width: 300px) 100vw, 300px\" \/>\t\t\t\t\t\t\n\t\t\t\t\t<\/div>\n\t\t\t\t\t\t\t\t\n<style>\n#image_607410672 {\n  width: 100%;\n}\n<\/style>\n\t<\/div>\n\t\n\t\t<\/div>\n\t\t\t\t\t<\/div>\n\n\t\n<\/div>\n\t\t<\/div>\n\n\t\t\n<style>\n#section_1060216191 {\n  padding-top: 30px;\n  padding-bottom: 30px;\n}\n<\/style>\n\t<\/section>\n\t\n","protected":false},"excerpt":{"rendered":"","protected":false},"author":1,"featured_media":760,"parent":587,"menu_order":0,"comment_status":"closed","ping_status":"closed","template":"page-blank.php","meta":{"footnotes":""},"class_list":["post-1694","page","type-page","status-publish","has-post-thumbnail","hentry"],"_links":{"self":[{"href":"https:\/\/telteks.com.tr\/en\/wp-json\/wp\/v2\/pages\/1694","targetHints":{"allow":["GET"]}}],"collection":[{"href":"https:\/\/telteks.com.tr\/en\/wp-json\/wp\/v2\/pages"}],"about":[{"href":"https:\/\/telteks.com.tr\/en\/wp-json\/wp\/v2\/types\/page"}],"author":[{"embeddable":true,"href":"https:\/\/telteks.com.tr\/en\/wp-json\/wp\/v2\/users\/1"}],"replies":[{"embeddable":true,"href":"https:\/\/telteks.com.tr\/en\/wp-json\/wp\/v2\/comments?post=1694"}],"version-history":[{"count":2,"href":"https:\/\/telteks.com.tr\/en\/wp-json\/wp\/v2\/pages\/1694\/revisions"}],"predecessor-version":[{"id":2104,"href":"https:\/\/telteks.com.tr\/en\/wp-json\/wp\/v2\/pages\/1694\/revisions\/2104"}],"up":[{"embeddable":true,"href":"https:\/\/telteks.com.tr\/en\/wp-json\/wp\/v2\/pages\/587"}],"wp:featuredmedia":[{"embeddable":true,"href":"https:\/\/telteks.com.tr\/en\/wp-json\/wp\/v2\/media\/760"}],"wp:attachment":[{"href":"https:\/\/telteks.com.tr\/en\/wp-json\/wp\/v2\/media?parent=1694"}],"curies":[{"name":"wp","href":"https:\/\/api.w.org\/{rel}","templated":true}]}}