{"id":1680,"date":"2023-10-03T13:51:48","date_gmt":"2023-10-03T10:51:48","guid":{"rendered":"https:\/\/telteks.com.tr\/data-lan-cables\/category-6-ftp-p-4x2x24-awg\/"},"modified":"2024-01-31T18:08:45","modified_gmt":"2024-01-31T15:08:45","slug":"category-6-ftp-p-4x2x24-awg","status":"publish","type":"page","link":"https:\/\/telteks.com.tr\/en\/data-lan-cables\/category-6-ftp-p-4x2x24-awg\/","title":{"rendered":"CATEGORY 6 FTP-P 4x2x24 AWG"},"content":{"rendered":"  <div id=\"page-header-1517188302\" class=\"page-header-wrapper\">\n  <div class=\"page-title dark featured-title\">\n\n        <div class=\"page-title-bg\">\n      <div class=\"title-bg fill bg-fill\"\n        data-parallax-container=\".page-title\"\n        data-parallax-background\n        data-parallax=\"-\">\n      <\/div>\n      <div class=\"title-overlay fill\"><\/div>\n    <\/div>\n    \n    <div class=\"page-title-inner container align-center flex-row medium-flex-wrap\" >\n              <div class=\"title-wrapper is-smaller flex-col text-left medium-text-center\">\n          <h1 class=\"entry-title mb-0\">\n            CATEGORY 6 FTP-P 4x2x24 AWG          <\/h1>\n        <\/div>\n                    <div class=\"title-content flex-col flex-right text-right medium-text-center\">\n        <div class=\"title-breadcrumbs pb-half pt-half\"><\/div>      <\/div>\n    <\/div>\n\n     \n<style>\n#page-header-1517188302 .title-bg {\n  background-image: url(https:\/\/telteks.com.tr\/wp-content\/uploads\/2023\/10\/CATEGORY-5e-FTP-P-4x2x24-AWG-300x300-2.jpg);\n}\n#page-header-1517188302 .title-overlay {\n  background-color: #d60404;\n}\n<\/style>\n  <\/div>\n    <\/div>\n  \n\t<section class=\"section\" id=\"section_815589745\">\n\t\t<div class=\"bg section-bg fill bg-fill  bg-loaded\" >\n\n\t\t\t\n\t\t\t\n\t\t\t\n\n\t\t<\/div>\n\n\t\t\n\n\t\t<div class=\"section-content relative\">\n\t\t\t\n<div class=\"container section-title-container\" ><h3 class=\"section-title section-title-normal\"><b><\/b><span class=\"section-title-main\" >CATEGORY 6 FTP-P 4x2x24 AWG<\/span><b><\/b><\/h3><\/div>\n<div class=\"row row-small\"  id=\"row-1504292817\">\n\n\t<div id=\"col-168500942\" class=\"col medium-7 small-12 large-7\"  >\n\t\t\t\t<div class=\"col-inner\"  >\n\t\t\t\n\t\t\t\n<p><strong>KABLO T\u0130P\u0130<\/strong> : CATEGORY 6 FTP-P 4x2x24 AWG<\/p>\n<div class=\"is-divider divider clearfix\" style=\"max-width:100%;height:2px;\"><\/div>\n<p><b>\u015eARTNAME<\/b>: ANSI\/TIA\/EIA-568 B.2 ve IEC \u2013 61156-5 (ISO\/IEC-11801 i\u00e7in 2.bask\u203a)\u2019e g\u00f6re, TS IEC 61156-5:2014 &#8211; Category 5e, CENELEC EN 50288-3 ve ICEA S-90-661:1997\u2019ye g\u00f6re 150 Mhz.<\/p>\n<div class=\"is-divider divider clearfix\" style=\"max-width:100%;height:2px;\"><\/div>\n<p><strong>KULLANIM YER\u0130<\/strong> : Bu kablolar bina d\u0131\u015f\u0131 bilgi ileti\u015fim sistemlerinde 100 Mbit\/sn-150 Mbit\/sn h\u0131za kadar analog ve dijital sinyal iletiminde kullan\u0131l\u0131r.<\/p>\n<div class=\"is-divider divider clearfix\" style=\"max-width:100%;height:2px;\"><\/div>\n<p><b>YAPI<\/b>: \u00d8 0,51 mm elektrolitik bak\u0131r iletken PE yal\u0131tkan \u00c7iftler halinde b\u00fck\u00fcl\u00fc damarlar \u00c7iftler y\u0131ld\u0131z bi\u00e7imli ay\u0131r\u0131c\u0131 ile b\u00fck\u00fcl\u00fcr. \u00d8 0,50 mm elektrolitik kalayl\u0131 bak\u0131r toprak teli AL-PES folyo ekran Siyah renkli PE d\u0131\u015f k\u0131l\u0131f<\/p>\n<ul>\n<li><strong>Kablo \u00e7ap\u0131<\/strong>: 7.0 mm<\/li>\n<li><strong>Kablo a\u011f\u0131rl\u0131\u011f\u0131<\/strong>: 44.9 kg\/km:<\/li>\n<li><strong>Standart ambalaj:<\/strong> 1000 ve 2000 m makara<\/li>\n<\/ul>\n<a rel=\"noopener noreferrer\" href=\"https:\/\/telteks.com.tr\/wp-content\/uploads\/2023\/09\/4-DataLAN-Kablolari.pdf\" target=\"_blank\" class=\"button primary\"  >\n    <span>DETAYLI PDF KATALOG<\/span>\n  <i class=\"icon-angle-right\" aria-hidden=\"true\" ><\/i><\/a>\n\n\t\t<\/div>\n\t\t\t\t\t<\/div>\n\n\t\n\n\t<div id=\"col-952791324\" class=\"col medium-5 small-12 large-5\"  >\n\t\t\t\t<div class=\"col-inner\"  >\n\t\t\t\n\t\t\t\n\t<div class=\"img has-hover x md-x lg-x y md-y lg-y\" id=\"image_2014761602\">\n\t\t\t\t\t\t\t\t<div class=\"img-inner dark\" >\n\t\t\t<img loading=\"lazy\" decoding=\"async\" width=\"300\" height=\"300\" src=\"https:\/\/telteks.com.tr\/wp-content\/uploads\/2023\/10\/CATEGORY-5e-FTP-P-4x2x24-AWG-300x300-2.jpg\" class=\"attachment-original size-original\" alt=\"\" srcset=\"https:\/\/telteks.com.tr\/wp-content\/uploads\/2023\/10\/CATEGORY-5e-FTP-P-4x2x24-AWG-300x300-2.jpg 300w, https:\/\/telteks.com.tr\/wp-content\/uploads\/2023\/10\/CATEGORY-5e-FTP-P-4x2x24-AWG-300x300-2-150x150.jpg 150w\" sizes=\"auto, (max-width: 300px) 100vw, 300px\" \/>\t\t\t\t\t\t\n\t\t\t\t\t<\/div>\n\t\t\t\t\t\t\t\t\n<style>\n#image_2014761602 {\n  width: 100%;\n}\n<\/style>\n\t<\/div>\n\t\n\t\t<\/div>\n\t\t\t\t\t<\/div>\n\n\t\n<\/div>\n\t\t<\/div>\n\n\t\t\n<style>\n#section_815589745 {\n  padding-top: 30px;\n  padding-bottom: 30px;\n}\n<\/style>\n\t<\/section>\n\t\n","protected":false},"excerpt":{"rendered":"","protected":false},"author":1,"featured_media":922,"parent":587,"menu_order":0,"comment_status":"closed","ping_status":"closed","template":"page-blank.php","meta":{"footnotes":""},"class_list":["post-1680","page","type-page","status-publish","has-post-thumbnail","hentry"],"_links":{"self":[{"href":"https:\/\/telteks.com.tr\/en\/wp-json\/wp\/v2\/pages\/1680","targetHints":{"allow":["GET"]}}],"collection":[{"href":"https:\/\/telteks.com.tr\/en\/wp-json\/wp\/v2\/pages"}],"about":[{"href":"https:\/\/telteks.com.tr\/en\/wp-json\/wp\/v2\/types\/page"}],"author":[{"embeddable":true,"href":"https:\/\/telteks.com.tr\/en\/wp-json\/wp\/v2\/users\/1"}],"replies":[{"embeddable":true,"href":"https:\/\/telteks.com.tr\/en\/wp-json\/wp\/v2\/comments?post=1680"}],"version-history":[{"count":2,"href":"https:\/\/telteks.com.tr\/en\/wp-json\/wp\/v2\/pages\/1680\/revisions"}],"predecessor-version":[{"id":2124,"href":"https:\/\/telteks.com.tr\/en\/wp-json\/wp\/v2\/pages\/1680\/revisions\/2124"}],"up":[{"embeddable":true,"href":"https:\/\/telteks.com.tr\/en\/wp-json\/wp\/v2\/pages\/587"}],"wp:featuredmedia":[{"embeddable":true,"href":"https:\/\/telteks.com.tr\/en\/wp-json\/wp\/v2\/media\/922"}],"wp:attachment":[{"href":"https:\/\/telteks.com.tr\/en\/wp-json\/wp\/v2\/media?parent=1680"}],"curies":[{"name":"wp","href":"https:\/\/api.w.org\/{rel}","templated":true}]}}