{"id":1666,"date":"2023-10-03T14:43:42","date_gmt":"2023-10-03T11:43:42","guid":{"rendered":"https:\/\/telteks.com.tr\/data-lan-cables\/rg-58-c-u\/"},"modified":"2024-01-31T18:11:50","modified_gmt":"2024-01-31T15:11:50","slug":"rg-58-c-u","status":"publish","type":"page","link":"https:\/\/telteks.com.tr\/en\/data-lan-cables\/rg-58-c-u\/","title":{"rendered":"RG 58 C\/U"},"content":{"rendered":"  <div id=\"page-header-437468665\" class=\"page-header-wrapper\">\n  <div class=\"page-title dark featured-title\">\n\n        <div class=\"page-title-bg\">\n      <div class=\"title-bg fill bg-fill\"\n        data-parallax-container=\".page-title\"\n        data-parallax-background\n        data-parallax=\"-\">\n      <\/div>\n      <div class=\"title-overlay fill\"><\/div>\n    <\/div>\n    \n    <div class=\"page-title-inner container align-center flex-row medium-flex-wrap\" >\n              <div class=\"title-wrapper is-smaller flex-col text-left medium-text-center\">\n          <h1 class=\"entry-title mb-0\">\n            RG 58 C\/U          <\/h1>\n        <\/div>\n                    <div class=\"title-content flex-col flex-right text-right medium-text-center\">\n        <div class=\"title-breadcrumbs pb-half pt-half\"><\/div>      <\/div>\n    <\/div>\n\n     \n<style>\n#page-header-437468665 .title-bg {\n  background-image: url(https:\/\/telteks.com.tr\/wp-content\/uploads\/2023\/10\/RG-58-C-U-1-300x300-1.jpg);\n}\n#page-header-437468665 .title-overlay {\n  background-color: #d60404;\n}\n<\/style>\n  <\/div>\n    <\/div>\n  \n\t<section class=\"section\" id=\"section_290088658\">\n\t\t<div class=\"bg section-bg fill bg-fill  bg-loaded\" >\n\n\t\t\t\n\t\t\t\n\t\t\t\n\n\t\t<\/div>\n\n\t\t\n\n\t\t<div class=\"section-content relative\">\n\t\t\t\n<div class=\"container section-title-container\" ><h3 class=\"section-title section-title-normal\"><b><\/b><span class=\"section-title-main\" >RG 58 C\/U<\/span><b><\/b><\/h3><\/div>\n<div class=\"row row-small\"  id=\"row-2147277798\">\n\n\t<div id=\"col-1905977701\" class=\"col medium-7 small-12 large-7\"  >\n\t\t\t\t<div class=\"col-inner\"  >\n\t\t\t\n\t\t\t\n<p><strong>KABLO T\u0130P\u0130<\/strong> : RG 58 C\/U<\/p>\n<div class=\"is-divider divider clearfix\" style=\"max-width:100%;height:2px;\"><\/div>\n<p><b>\u015eARTNAME<\/b>: MIL C-17<\/p>\n<div class=\"is-divider divider clearfix\" style=\"max-width:100%;height:2px;\"><\/div>\n<p><strong>KULLANIM YER\u0130<\/strong> : CB (Citizen Band) ve telsiz anten sistemlerinde ba\u011flant\u0131, data ileti\u015fim sistemlerinde terminal ve ba\u011flant\u0131 kablosu olarak kullan\u0131l\u0131r.<\/p>\n<div class=\"is-divider divider clearfix\" style=\"max-width:100%;height:2px;\"><\/div>\n<p><b>YAPI<\/b>: 19x\u00d8 0.18 mm elektrolitik kalayl\u203a b\u00fck\u00fcl\u00fc bak\u0131r i\u00e7 iletken \u00d8 2.95 mm solid polietilen izolasyon (SPE) % 90 kapamal\u0131 elektrolitik kalayl\u0131 bak\u0131r telden \u00f6rg\u00fc ekran<br \/>\n\u00d8 4.6 mm siyah PVC d\u0131\u015f k\u0131l\u0131f<\/p>\n<ul>\n<li><strong>Kablo \u00e7ap\u0131<\/strong>: \u00d8 4.6 mm<\/li>\n<li><strong>Kablo a\u011f\u0131rl\u0131\u011f\u0131<\/strong>: 38,1 kg\/km<\/li>\n<li><strong>Standart ambalaj:<\/strong> 1100 \u2013 500 \u2013 1000 m<\/li>\n<\/ul>\n<a rel=\"noopener noreferrer\" href=\"https:\/\/telteks.com.tr\/wp-content\/uploads\/2023\/09\/4-DataLAN-Kablolari.pdf\" target=\"_blank\" class=\"button primary\"  >\n    <span>DETAYLI PDF KATALOG<\/span>\n  <i class=\"icon-angle-right\" aria-hidden=\"true\" ><\/i><\/a>\n\n\t\t<\/div>\n\t\t\t\t\t<\/div>\n\n\t\n\n\t<div id=\"col-118270064\" class=\"col medium-5 small-12 large-5\"  >\n\t\t\t\t<div class=\"col-inner\"  >\n\t\t\t\n\t\t\t\n\t<div class=\"img has-hover x md-x lg-x y md-y lg-y\" id=\"image_1809406356\">\n\t\t\t\t\t\t\t\t<div class=\"img-inner dark\" >\n\t\t\t<img loading=\"lazy\" decoding=\"async\" width=\"300\" height=\"300\" src=\"https:\/\/telteks.com.tr\/wp-content\/uploads\/2023\/10\/RG-58-C-U-1-300x300-1.jpg\" class=\"attachment-original size-original\" alt=\"\" srcset=\"https:\/\/telteks.com.tr\/wp-content\/uploads\/2023\/10\/RG-58-C-U-1-300x300-1.jpg 300w, https:\/\/telteks.com.tr\/wp-content\/uploads\/2023\/10\/RG-58-C-U-1-300x300-1-150x150.jpg 150w\" sizes=\"auto, (max-width: 300px) 100vw, 300px\" \/>\t\t\t\t\t\t\n\t\t\t\t\t<\/div>\n\t\t\t\t\t\t\t\t\n<style>\n#image_1809406356 {\n  width: 100%;\n}\n<\/style>\n\t<\/div>\n\t\n\t\t<\/div>\n\t\t\t\t\t<\/div>\n\n\t\n<\/div>\n\t\t<\/div>\n\n\t\t\n<style>\n#section_290088658 {\n  padding-top: 30px;\n  padding-bottom: 30px;\n}\n<\/style>\n\t<\/section>\n\t\n","protected":false},"excerpt":{"rendered":"","protected":false},"author":1,"featured_media":968,"parent":587,"menu_order":0,"comment_status":"closed","ping_status":"closed","template":"page-blank.php","meta":{"footnotes":""},"class_list":["post-1666","page","type-page","status-publish","has-post-thumbnail","hentry"],"_links":{"self":[{"href":"https:\/\/telteks.com.tr\/en\/wp-json\/wp\/v2\/pages\/1666","targetHints":{"allow":["GET"]}}],"collection":[{"href":"https:\/\/telteks.com.tr\/en\/wp-json\/wp\/v2\/pages"}],"about":[{"href":"https:\/\/telteks.com.tr\/en\/wp-json\/wp\/v2\/types\/page"}],"author":[{"embeddable":true,"href":"https:\/\/telteks.com.tr\/en\/wp-json\/wp\/v2\/users\/1"}],"replies":[{"embeddable":true,"href":"https:\/\/telteks.com.tr\/en\/wp-json\/wp\/v2\/comments?post=1666"}],"version-history":[{"count":3,"href":"https:\/\/telteks.com.tr\/en\/wp-json\/wp\/v2\/pages\/1666\/revisions"}],"predecessor-version":[{"id":2140,"href":"https:\/\/telteks.com.tr\/en\/wp-json\/wp\/v2\/pages\/1666\/revisions\/2140"}],"up":[{"embeddable":true,"href":"https:\/\/telteks.com.tr\/en\/wp-json\/wp\/v2\/pages\/587"}],"wp:featuredmedia":[{"embeddable":true,"href":"https:\/\/telteks.com.tr\/en\/wp-json\/wp\/v2\/media\/968"}],"wp:attachment":[{"href":"https:\/\/telteks.com.tr\/en\/wp-json\/wp\/v2\/media?parent=1666"}],"curies":[{"name":"wp","href":"https:\/\/api.w.org\/{rel}","templated":true}]}}