{"id":1624,"date":"2023-09-26T21:55:07","date_gmt":"2023-09-26T18:55:07","guid":{"rendered":"https:\/\/telteks.com.tr\/indoor-type-telephone-cables\/vb-apv-n-vb-apv-k-j-ysty\/"},"modified":"2024-01-31T17:57:13","modified_gmt":"2024-01-31T14:57:13","slug":"vb-apv-n-vb-apv-k-j-ysty","status":"publish","type":"page","link":"https:\/\/telteks.com.tr\/en\/indoor-type-telephone-cables\/vb-apv-n-vb-apv-k-j-ysty\/","title":{"rendered":"VB-APV (N), VB-APV (K) J-Y(ST)Y"},"content":{"rendered":"  <div id=\"page-header-521141680\" class=\"page-header-wrapper\">\n  <div class=\"page-title dark featured-title\">\n\n    \n    <div class=\"page-title-inner container align-center flex-row medium-flex-wrap\" >\n              <div class=\"title-wrapper is-smaller flex-col text-left medium-text-center\">\n          <h1 class=\"entry-title mb-0\">\n            VB-APV (N), VB-APV (K) J-Y(ST)Y          <\/h1>\n        <\/div>\n                    <div class=\"title-content flex-col flex-right text-right medium-text-center\">\n        <div class=\"title-breadcrumbs pb-half pt-half\"><\/div>      <\/div>\n    <\/div>\n\n       <\/div>\n    <\/div>\n  \n\t<section class=\"section\" id=\"section_565095375\">\n\t\t<div class=\"bg section-bg fill bg-fill  bg-loaded\" >\n\n\t\t\t\n\t\t\t\n\t\t\t\n\n\t\t<\/div>\n\n\t\t\n\n\t\t<div class=\"section-content relative\">\n\t\t\t\n<div class=\"container section-title-container\" ><h3 class=\"section-title section-title-normal\"><b><\/b><span class=\"section-title-main\" >VB-APV (N), VB-APV (K) J-Y(ST)Y<\/span><b><\/b><\/h3><\/div>\n<div class=\"row row-small\"  id=\"row-726332355\">\n\n\t<div id=\"col-695509796\" class=\"col medium-7 small-12 large-7\"  >\n\t\t\t\t<div class=\"col-inner\"  >\n\t\t\t\n\t\t\t\n<p><strong>KABLO T\u0130P\u0130<\/strong>\u00a0: VB-APV (N), VB-APV (K)<\/p>\n<div class=\"is-divider divider clearfix\" style=\"max-width:100%;height:2px;\"><\/div>\n<p><b>\u015eARTNAME<\/b>: TS IEC 61156-5:2014, DIN VDE 0815<\/p>\n<div class=\"is-divider divider clearfix\" style=\"max-width:100%;height:2px;\"><\/div>\n<p><strong>KULLANIM YER\u0130<\/strong>\u00a0: Bina i\u00e7i tesisatlar da santral ile repertit\u00f6r \u00e7at\u0131s\u0131 aras\u0131nda\u00a0 kullan\u0131l\u0131r. Ekran kabloyu elektromanyetik etkilerden korur<\/p>\n<div class=\"is-divider divider clearfix\" style=\"max-width:100%;height:2px;\"><\/div>\n<p><b>YAPI<\/b>: Elektrolitik kalay\u0131 veya kalays\u0131z bak\u0131r iletken (ASTM B33\u2019e g\u00f6re TS EN13602:2005) \u00dczeri farkl\u0131 renklerde polivinilklor\u00fcr. ( BS 6746 Type 1) Nem i\u00e7ermeyen ve dielektrik \u00f6zelli\u20aci olan polyester bant Elektrolitik kalayl\u0131 toprak iletken<br \/>\n% 100 kapamal\u0131 AL\/PES bant Gri renkli PVC d\u0131\u015f k\u0131l\u0131f (BS 6746 Type 3)<\/p>\n<a rel=\"noopener noreferrer\" href=\"https:\/\/telteks.com.tr\/wp-content\/uploads\/2023\/09\/2-Dahili-Tesisat-Telefon-Kablolari-.pdf\" target=\"_blank\" class=\"button primary\"  >\n    <span>DETAYLI PDF KATALOG<\/span>\n  <i class=\"icon-angle-right\" aria-hidden=\"true\" ><\/i><\/a>\n\n\t\t<\/div>\n\t\t\t\t\t<\/div>\n\n\t\n\n\t<div id=\"col-321233884\" class=\"col medium-5 small-12 large-5\"  >\n\t\t\t\t<div class=\"col-inner\"  >\n\t\t\t\n\t\t\t\n\t<div class=\"img has-hover x md-x lg-x y md-y lg-y\" id=\"image_35995925\">\n\t\t\t\t\t\t\t\t<div class=\"img-inner dark\" >\n\t\t\t<img loading=\"lazy\" decoding=\"async\" width=\"300\" height=\"300\" src=\"https:\/\/telteks.com.tr\/wp-content\/uploads\/2023\/09\/VB-APV-N-VB-APV-K-300x300-1.jpg\" class=\"attachment-original size-original\" alt=\"\" srcset=\"https:\/\/telteks.com.tr\/wp-content\/uploads\/2023\/09\/VB-APV-N-VB-APV-K-300x300-1.jpg 300w, https:\/\/telteks.com.tr\/wp-content\/uploads\/2023\/09\/VB-APV-N-VB-APV-K-300x300-1-150x150.jpg 150w\" sizes=\"auto, (max-width: 300px) 100vw, 300px\" \/>\t\t\t\t\t\t\n\t\t\t\t\t<\/div>\n\t\t\t\t\t\t\t\t\n<style>\n#image_35995925 {\n  width: 100%;\n}\n<\/style>\n\t<\/div>\n\t\n\t\t<\/div>\n\t\t\t\t\t<\/div>\n\n\t\n<\/div>\n\t\t<\/div>\n\n\t\t\n<style>\n#section_565095375 {\n  padding-top: 30px;\n  padding-bottom: 30px;\n}\n<\/style>\n\t<\/section>\n\t\n","protected":false},"excerpt":{"rendered":"","protected":false},"author":1,"featured_media":0,"parent":584,"menu_order":0,"comment_status":"closed","ping_status":"closed","template":"page-blank.php","meta":{"footnotes":""},"class_list":["post-1624","page","type-page","status-publish","hentry"],"_links":{"self":[{"href":"https:\/\/telteks.com.tr\/en\/wp-json\/wp\/v2\/pages\/1624","targetHints":{"allow":["GET"]}}],"collection":[{"href":"https:\/\/telteks.com.tr\/en\/wp-json\/wp\/v2\/pages"}],"about":[{"href":"https:\/\/telteks.com.tr\/en\/wp-json\/wp\/v2\/types\/page"}],"author":[{"embeddable":true,"href":"https:\/\/telteks.com.tr\/en\/wp-json\/wp\/v2\/users\/1"}],"replies":[{"embeddable":true,"href":"https:\/\/telteks.com.tr\/en\/wp-json\/wp\/v2\/comments?post=1624"}],"version-history":[{"count":3,"href":"https:\/\/telteks.com.tr\/en\/wp-json\/wp\/v2\/pages\/1624\/revisions"}],"predecessor-version":[{"id":2085,"href":"https:\/\/telteks.com.tr\/en\/wp-json\/wp\/v2\/pages\/1624\/revisions\/2085"}],"up":[{"embeddable":true,"href":"https:\/\/telteks.com.tr\/en\/wp-json\/wp\/v2\/pages\/584"}],"wp:attachment":[{"href":"https:\/\/telteks.com.tr\/en\/wp-json\/wp\/v2\/media?parent=1624"}],"curies":[{"name":"wp","href":"https:\/\/api.w.org\/{rel}","templated":true}]}}